{"id":10685,"date":"2020-10-18T20:56:01","date_gmt":"2020-10-19T10:06:27","guid":{"rendered":"https:\/\/www.citroen-klassiekers.nl\/?post_type=product&#038;p=10685"},"modified":"2020-10-19T11:36:16","modified_gmt":"2020-10-19T10:36:16","slug":"citroen-2cv6-club-1972","status":"publish","type":"product","link":"https:\/\/www.citroen-klassiekers.nl\/de\/produkt\/citroen-2cv6-club-1972\/","title":{"rendered":"Citro\u00ebn 2cv6 Club 1972"},"content":{"rendered":"<p>Citro\u00ebn 2cv6 Club<br \/>\nProduktionsjahr: 1972<br \/>\nKilometerstand:  54012<br \/>\nFarbe:<\/p>\n<p>Es war uns eine gro\u00dfe Freude, diese Ente 2016 zu \u00fcbernehmen, als sie frisch aus Frankreich kam.<br \/>\nEs ist sehr originell mit einigen Gebrauchsspuren, aber das ist ein Teil davon.<br \/>\n2016 haben wir viel getan, um die Inspektion zu \u00fcberstehen.<br \/>\nN\u00e4mlich:<br \/>\n&#8211; Neue Bodenplatten und Fu\u00dfst\u00fctze eingeschwei\u00dft<br \/>\n&#8211; Er wollte eine gro\u00dfe Wende<br \/>\n&#8211; Ein neues Dach<br \/>\n&#8211; Rundum neue Bremsen<br \/>\n&#8211; Neue Sofapolsterung<br \/>\n&#8211; Neue Reifen<br \/>\n&#8211; Ein neuer Auspuff war kein Luxus<br \/>\n&#8211; Und eine 123 elektronische Z\u00fcndung war auch sch\u00f6n<br \/>\nDieser sch\u00f6ne 2cv aus den 1970er Jahren wurde dann einfach benutzt und gut gepflegt.<br \/>\nK\u00fcrzlich wurde ein neuer T\u00dcV eingef\u00fchrt<br \/>\nWir haben einen neuen Spannungsregler und eine neue Batterie eingebaut und ihm eine neue wichtige Wendung gegeben.<br \/>\nDer T\u00dcV ist noch bis zum 03-04-2022 g\u00fcltig.<br \/>\nMachen Sie eine Probefahrt und erleben Sie die Flexibilit\u00e4t. Sie werden Freunde f\u00fcrs Leben!<br \/>\nTel. 0031345-681454<br \/>\nPreis \u20ac 12500.-<\/p>\n","protected":false},"excerpt":{"rendered":"<p>Citro\u00ebn 2cv6 Club<br \/>\nProduktionsjahr: 1972<br \/>\nKilometerstand:  54012<br \/>\nFarbe:<\/p>\n<p>Es war uns eine gro\u00dfe Freude, diese Ente 2016 zu \u00fcbernehmen, als sie frisch aus Frankreich kam.<br \/>\nEs ist sehr originell mit einigen Gebrauchsspuren, aber das ist ein Teil davon.<br \/>\n2016 haben wir viel getan, um die Inspektion zu \u00fcberstehen.<br \/>\nN\u00e4mlich:<br \/>\n&#8211; Neue Bodenplatten und Fu\u00dfst\u00fctze eingeschwei\u00dft<br \/>\n&#8211; Er wollte eine gro\u00dfe Wende<br \/>\n&#8211; Ein neues Dach<br \/>\n&#8211; Rundum neue Bremsen<br \/>\n&#8211; Neue Sofapolsterung<br \/>\n&#8211; Neue Reifen<br \/>\n&#8211; Ein neuer Auspuff war kein Luxus<br \/>\n&#8211; Und eine 123 elektronische Z\u00fcndung war auch sch\u00f6n<br \/>\nDieser sch\u00f6ne 2cv aus den 1970er Jahren wurde dann einfach benutzt und gut gepflegt.<br \/>\nK\u00fcrzlich wurde ein neuer T\u00dcV eingef\u00fchrt<br \/>\nWir haben einen neuen Spannungsregler und eine neue Batterie eingebaut und ihm eine neue wichtige Wendung gegeben.<br \/>\nDer T\u00dcV ist noch bis zum 03-04-2022 g\u00fcltig.<br \/>\nMachen Sie eine Probefahrt und erleben Sie die Flexibilit\u00e4t. Sie werden Freunde f\u00fcrs Leben!<br \/>\nTel. 0031345-681454<br \/>\nPreis \u20ac 12500.-<\/p>\n","protected":false},"featured_media":10596,"template":"","meta":[],"product_cat":[],"product_tag":[],"class_list":{"0":"post-10685","1":"product","2":"type-product","3":"status-publish","4":"has-post-thumbnail","7":"first","8":"instock","9":"shipping-taxable","10":"product-type-simple"},"yoast_head":"<!-- This site is optimized with the Yoast SEO plugin v23.1 - https:\/\/yoast.com\/wordpress\/plugins\/seo\/ -->\n<title>Citro\u00ebn 2cv6 Club 1972 - Chateau deux chevaux Beesd<\/title>\n<meta name=\"robots\" content=\"index, follow, max-snippet:-1, max-image-preview:large, max-video-preview:-1\" \/>\n<link rel=\"canonical\" href=\"https:\/\/www.citroen-klassiekers.nl\/de\/produkt\/citroen-2cv6-club-1972\/\" \/>\n<meta property=\"og:locale\" content=\"de_DE\" \/>\n<meta property=\"og:type\" content=\"article\" \/>\n<meta property=\"og:title\" content=\"Citro\u00ebn 2cv6 Club 1972 - Chateau deux chevaux Beesd\" \/>\n<meta property=\"og:description\" content=\"Citro\u00ebn 2cv6 Club Produktionsjahr: 1972 Kilometerstand: 54012 Farbe:  Es war uns eine gro\u00dfe Freude, diese Ente 2016 zu \u00fcbernehmen, als sie frisch aus Frankreich kam. Es ist sehr originell mit einigen Gebrauchsspuren, aber das ist ein Teil davon. 2016 haben wir viel getan, um die Inspektion zu \u00fcberstehen. N\u00e4mlich: - Neue Bodenplatten und Fu\u00dfst\u00fctze eingeschwei\u00dft - Er wollte eine gro\u00dfe Wende - Ein neues Dach - Rundum neue Bremsen - Neue Sofapolsterung - Neue Reifen - Ein neuer Auspuff war kein Luxus - Und eine 123 elektronische Z\u00fcndung war auch sch\u00f6n Dieser sch\u00f6ne 2cv aus den 1970er Jahren wurde dann einfach benutzt und gut gepflegt. K\u00fcrzlich wurde ein neuer T\u00dcV eingef\u00fchrt Wir haben einen neuen Spannungsregler und eine neue Batterie eingebaut und ihm eine neue wichtige Wendung gegeben. Der T\u00dcV ist noch bis zum 03-04-2022 g\u00fcltig. Machen Sie eine Probefahrt und erleben Sie die Flexibilit\u00e4t. Sie werden Freunde f\u00fcrs Leben! Tel. 0031345-681454 Preis \u20ac 12500.-\" \/>\n<meta property=\"og:url\" content=\"https:\/\/www.citroen-klassiekers.nl\/de\/produkt\/citroen-2cv6-club-1972\/\" \/>\n<meta property=\"og:site_name\" content=\"Chateau deux chevaux Beesd\" \/>\n<meta property=\"article:publisher\" content=\"https:\/\/www.facebook.com\/Chateau-Deux-Chevaux-111854715599808\/\" \/>\n<meta property=\"article:modified_time\" content=\"2020-10-19T10:36:16+00:00\" \/>\n<meta property=\"og:image\" content=\"https:\/\/www.citroen-klassiekers.nl\/wp-content\/uploads\/2020\/10\/20201010_112640.jpg\" \/>\n\t<meta property=\"og:image:width\" content=\"1632\" \/>\n\t<meta property=\"og:image:height\" content=\"1224\" \/>\n\t<meta property=\"og:image:type\" content=\"image\/jpeg\" \/>\n<meta name=\"twitter:card\" content=\"summary_large_image\" \/>\n<meta name=\"twitter:label1\" content=\"Gesch\u00e4tzte Lesezeit\" \/>\n\t<meta name=\"twitter:data1\" content=\"1\u00a0Minute\" \/>\n<script type=\"application\/ld+json\" class=\"yoast-schema-graph\">{\"@context\":\"https:\/\/schema.org\",\"@graph\":[{\"@type\":\"WebPage\",\"@id\":\"https:\/\/www.citroen-klassiekers.nl\/de\/produkt\/citroen-2cv6-club-1972\/\",\"url\":\"https:\/\/www.citroen-klassiekers.nl\/de\/produkt\/citroen-2cv6-club-1972\/\",\"name\":\"Citro\u00ebn 2cv6 Club 1972 - Chateau deux chevaux Beesd\",\"isPartOf\":{\"@id\":\"https:\/\/www.citroen-klassiekers.nl\/de\/#website\"},\"primaryImageOfPage\":{\"@id\":\"https:\/\/www.citroen-klassiekers.nl\/de\/produkt\/citroen-2cv6-club-1972\/#primaryimage\"},\"image\":{\"@id\":\"https:\/\/www.citroen-klassiekers.nl\/de\/produkt\/citroen-2cv6-club-1972\/#primaryimage\"},\"thumbnailUrl\":\"https:\/\/www.citroen-klassiekers.nl\/wp-content\/uploads\/2020\/10\/20201010_112640.jpg\",\"datePublished\":\"2020-10-19T10:06:27+00:00\",\"dateModified\":\"2020-10-19T10:36:16+00:00\",\"breadcrumb\":{\"@id\":\"https:\/\/www.citroen-klassiekers.nl\/de\/produkt\/citroen-2cv6-club-1972\/#breadcrumb\"},\"inLanguage\":\"de\",\"potentialAction\":[{\"@type\":\"ReadAction\",\"target\":[\"https:\/\/www.citroen-klassiekers.nl\/de\/produkt\/citroen-2cv6-club-1972\/\"]}]},{\"@type\":\"ImageObject\",\"inLanguage\":\"de\",\"@id\":\"https:\/\/www.citroen-klassiekers.nl\/de\/produkt\/citroen-2cv6-club-1972\/#primaryimage\",\"url\":\"https:\/\/www.citroen-klassiekers.nl\/wp-content\/uploads\/2020\/10\/20201010_112640.jpg\",\"contentUrl\":\"https:\/\/www.citroen-klassiekers.nl\/wp-content\/uploads\/2020\/10\/20201010_112640.jpg\",\"width\":1632,\"height\":1224},{\"@type\":\"BreadcrumbList\",\"@id\":\"https:\/\/www.citroen-klassiekers.nl\/de\/produkt\/citroen-2cv6-club-1972\/#breadcrumb\",\"itemListElement\":[{\"@type\":\"ListItem\",\"position\":1,\"name\":\"Home\",\"item\":\"https:\/\/www.citroen-klassiekers.nl\/de\/\"},{\"@type\":\"ListItem\",\"position\":2,\"name\":\"Winkel\",\"item\":\"https:\/\/www.citroen-klassiekers.nl\/de\/winkel\/\"},{\"@type\":\"ListItem\",\"position\":3,\"name\":\"Citro\u00ebn 2cv6 Club 1972\"}]},{\"@type\":\"WebSite\",\"@id\":\"https:\/\/www.citroen-klassiekers.nl\/de\/#website\",\"url\":\"https:\/\/www.citroen-klassiekers.nl\/de\/\",\"name\":\"Chateau deux chevaux Beesd\",\"description\":\"\",\"publisher\":{\"@id\":\"https:\/\/www.citroen-klassiekers.nl\/de\/#organization\"},\"potentialAction\":[{\"@type\":\"SearchAction\",\"target\":{\"@type\":\"EntryPoint\",\"urlTemplate\":\"https:\/\/www.citroen-klassiekers.nl\/de\/?s={search_term_string}\"},\"query-input\":\"required name=search_term_string\"}],\"inLanguage\":\"de\"},{\"@type\":\"Organization\",\"@id\":\"https:\/\/www.citroen-klassiekers.nl\/de\/#organization\",\"name\":\"Chateau Deux Chevaux\",\"url\":\"https:\/\/www.citroen-klassiekers.nl\/de\/\",\"logo\":{\"@type\":\"ImageObject\",\"inLanguage\":\"de\",\"@id\":\"https:\/\/www.citroen-klassiekers.nl\/de\/#\/schema\/logo\/image\/\",\"url\":\"https:\/\/www.citroen-klassiekers.nl\/wp-content\/uploads\/2015\/11\/Logo-chateau-01-01.png\",\"contentUrl\":\"https:\/\/www.citroen-klassiekers.nl\/wp-content\/uploads\/2015\/11\/Logo-chateau-01-01.png\",\"width\":2946,\"height\":1944,\"caption\":\"Chateau Deux Chevaux\"},\"image\":{\"@id\":\"https:\/\/www.citroen-klassiekers.nl\/de\/#\/schema\/logo\/image\/\"},\"sameAs\":[\"https:\/\/www.facebook.com\/Chateau-Deux-Chevaux-111854715599808\/\",\"https:\/\/www.youtube.com\/user\/Citroenklassiekers\"]}]}<\/script>\n<!-- \/ Yoast SEO plugin. -->","yoast_head_json":{"title":"Citro\u00ebn 2cv6 Club 1972 - Chateau deux chevaux Beesd","robots":{"index":"index","follow":"follow","max-snippet":"max-snippet:-1","max-image-preview":"max-image-preview:large","max-video-preview":"max-video-preview:-1"},"canonical":"https:\/\/www.citroen-klassiekers.nl\/de\/produkt\/citroen-2cv6-club-1972\/","og_locale":"de_DE","og_type":"article","og_title":"Citro\u00ebn 2cv6 Club 1972 - Chateau deux chevaux Beesd","og_description":"Citro\u00ebn 2cv6 Club Produktionsjahr: 1972 Kilometerstand: 54012 Farbe:  Es war uns eine gro\u00dfe Freude, diese Ente 2016 zu \u00fcbernehmen, als sie frisch aus Frankreich kam. Es ist sehr originell mit einigen Gebrauchsspuren, aber das ist ein Teil davon. 2016 haben wir viel getan, um die Inspektion zu \u00fcberstehen. N\u00e4mlich: - Neue Bodenplatten und Fu\u00dfst\u00fctze eingeschwei\u00dft - Er wollte eine gro\u00dfe Wende - Ein neues Dach - Rundum neue Bremsen - Neue Sofapolsterung - Neue Reifen - Ein neuer Auspuff war kein Luxus - Und eine 123 elektronische Z\u00fcndung war auch sch\u00f6n Dieser sch\u00f6ne 2cv aus den 1970er Jahren wurde dann einfach benutzt und gut gepflegt. K\u00fcrzlich wurde ein neuer T\u00dcV eingef\u00fchrt Wir haben einen neuen Spannungsregler und eine neue Batterie eingebaut und ihm eine neue wichtige Wendung gegeben. Der T\u00dcV ist noch bis zum 03-04-2022 g\u00fcltig. Machen Sie eine Probefahrt und erleben Sie die Flexibilit\u00e4t. Sie werden Freunde f\u00fcrs Leben! Tel. 0031345-681454 Preis \u20ac 12500.-","og_url":"https:\/\/www.citroen-klassiekers.nl\/de\/produkt\/citroen-2cv6-club-1972\/","og_site_name":"Chateau deux chevaux Beesd","article_publisher":"https:\/\/www.facebook.com\/Chateau-Deux-Chevaux-111854715599808\/","article_modified_time":"2020-10-19T10:36:16+00:00","og_image":[{"width":1632,"height":1224,"url":"https:\/\/www.citroen-klassiekers.nl\/wp-content\/uploads\/2020\/10\/20201010_112640.jpg","type":"image\/jpeg"}],"twitter_card":"summary_large_image","twitter_misc":{"Gesch\u00e4tzte Lesezeit":"1\u00a0Minute"},"schema":{"@context":"https:\/\/schema.org","@graph":[{"@type":"WebPage","@id":"https:\/\/www.citroen-klassiekers.nl\/de\/produkt\/citroen-2cv6-club-1972\/","url":"https:\/\/www.citroen-klassiekers.nl\/de\/produkt\/citroen-2cv6-club-1972\/","name":"Citro\u00ebn 2cv6 Club 1972 - Chateau deux chevaux Beesd","isPartOf":{"@id":"https:\/\/www.citroen-klassiekers.nl\/de\/#website"},"primaryImageOfPage":{"@id":"https:\/\/www.citroen-klassiekers.nl\/de\/produkt\/citroen-2cv6-club-1972\/#primaryimage"},"image":{"@id":"https:\/\/www.citroen-klassiekers.nl\/de\/produkt\/citroen-2cv6-club-1972\/#primaryimage"},"thumbnailUrl":"https:\/\/www.citroen-klassiekers.nl\/wp-content\/uploads\/2020\/10\/20201010_112640.jpg","datePublished":"2020-10-19T10:06:27+00:00","dateModified":"2020-10-19T10:36:16+00:00","breadcrumb":{"@id":"https:\/\/www.citroen-klassiekers.nl\/de\/produkt\/citroen-2cv6-club-1972\/#breadcrumb"},"inLanguage":"de","potentialAction":[{"@type":"ReadAction","target":["https:\/\/www.citroen-klassiekers.nl\/de\/produkt\/citroen-2cv6-club-1972\/"]}]},{"@type":"ImageObject","inLanguage":"de","@id":"https:\/\/www.citroen-klassiekers.nl\/de\/produkt\/citroen-2cv6-club-1972\/#primaryimage","url":"https:\/\/www.citroen-klassiekers.nl\/wp-content\/uploads\/2020\/10\/20201010_112640.jpg","contentUrl":"https:\/\/www.citroen-klassiekers.nl\/wp-content\/uploads\/2020\/10\/20201010_112640.jpg","width":1632,"height":1224},{"@type":"BreadcrumbList","@id":"https:\/\/www.citroen-klassiekers.nl\/de\/produkt\/citroen-2cv6-club-1972\/#breadcrumb","itemListElement":[{"@type":"ListItem","position":1,"name":"Home","item":"https:\/\/www.citroen-klassiekers.nl\/de\/"},{"@type":"ListItem","position":2,"name":"Winkel","item":"https:\/\/www.citroen-klassiekers.nl\/de\/winkel\/"},{"@type":"ListItem","position":3,"name":"Citro\u00ebn 2cv6 Club 1972"}]},{"@type":"WebSite","@id":"https:\/\/www.citroen-klassiekers.nl\/de\/#website","url":"https:\/\/www.citroen-klassiekers.nl\/de\/","name":"Chateau deux chevaux Beesd","description":"","publisher":{"@id":"https:\/\/www.citroen-klassiekers.nl\/de\/#organization"},"potentialAction":[{"@type":"SearchAction","target":{"@type":"EntryPoint","urlTemplate":"https:\/\/www.citroen-klassiekers.nl\/de\/?s={search_term_string}"},"query-input":"required name=search_term_string"}],"inLanguage":"de"},{"@type":"Organization","@id":"https:\/\/www.citroen-klassiekers.nl\/de\/#organization","name":"Chateau Deux Chevaux","url":"https:\/\/www.citroen-klassiekers.nl\/de\/","logo":{"@type":"ImageObject","inLanguage":"de","@id":"https:\/\/www.citroen-klassiekers.nl\/de\/#\/schema\/logo\/image\/","url":"https:\/\/www.citroen-klassiekers.nl\/wp-content\/uploads\/2015\/11\/Logo-chateau-01-01.png","contentUrl":"https:\/\/www.citroen-klassiekers.nl\/wp-content\/uploads\/2015\/11\/Logo-chateau-01-01.png","width":2946,"height":1944,"caption":"Chateau Deux Chevaux"},"image":{"@id":"https:\/\/www.citroen-klassiekers.nl\/de\/#\/schema\/logo\/image\/"},"sameAs":["https:\/\/www.facebook.com\/Chateau-Deux-Chevaux-111854715599808\/","https:\/\/www.youtube.com\/user\/Citroenklassiekers"]}]}},"_links":{"self":[{"href":"https:\/\/www.citroen-klassiekers.nl\/de\/wp-json\/wp\/v2\/product\/10685","targetHints":{"allow":["GET"]}}],"collection":[{"href":"https:\/\/www.citroen-klassiekers.nl\/de\/wp-json\/wp\/v2\/product"}],"about":[{"href":"https:\/\/www.citroen-klassiekers.nl\/de\/wp-json\/wp\/v2\/types\/product"}],"wp:featuredmedia":[{"embeddable":true,"href":"https:\/\/www.citroen-klassiekers.nl\/de\/wp-json\/wp\/v2\/media\/10596"}],"wp:attachment":[{"href":"https:\/\/www.citroen-klassiekers.nl\/de\/wp-json\/wp\/v2\/media?parent=10685"}],"wp:term":[{"taxonomy":"product_cat","embeddable":true,"href":"https:\/\/www.citroen-klassiekers.nl\/de\/wp-json\/wp\/v2\/product_cat?post=10685"},{"taxonomy":"product_tag","embeddable":true,"href":"https:\/\/www.citroen-klassiekers.nl\/de\/wp-json\/wp\/v2\/product_tag?post=10685"}],"curies":[{"name":"wp","href":"https:\/\/api.w.org\/{rel}","templated":true}]}}