{"id":10689,"date":"2020-10-18T20:47:33","date_gmt":"2020-10-19T10:13:03","guid":{"rendered":"https:\/\/www.citroen-klassiekers.nl\/?post_type=product&#038;p=10689"},"modified":"2020-10-19T11:45:31","modified_gmt":"2020-10-19T10:45:31","slug":"10689","status":"publish","type":"product","link":"https:\/\/www.citroen-klassiekers.nl\/de\/produkt\/10689\/","title":{"rendered":"Citro\u00ebn 2cv6 Club 1986"},"content":{"rendered":"<p>Citro\u00ebn 2cv6 Club<br \/>\nBaujahr 1986<br \/>\nKilometerstand 95100<br \/>\nFarbe: AC 446 \/ EKB Rouge Vallelunga<\/p>\n<p>Der Vorbesitzer (genau ein Pietje, was auch sein muss, wenn Sie ein Imker sind) hat diesen ordentlichen roten 2cv vor 17 Jahren bei uns gekauft und ihn all die Jahre mit gro\u00dfer Freude gefahren, ist aber jetzt zu alt geworden und er kommt mag es nicht mehr damit auszugehen. Ich bin froh, dass wir es zur\u00fcckkaufen konnten.<br \/>\nWie Sie auf den Bildern sehen k\u00f6nnen, ist es immer noch sehr ordentlich.<br \/>\nWir haben es noch einmal vollst\u00e4ndig \u00fcberpr\u00fcft, damit Sie es viele Jahre lang mit gro\u00dfer Freude und ohne Sorgen genie\u00dfen k\u00f6nnen.<br \/>\nDer T\u00dcV ist noch bis zum 09.04.2022 g\u00fcltig<br \/>\nVereinbaren Sie einen Termin, um einen Blick darauf zu werfen.<br \/>\nTel. 0345-681454<br \/>\nPreis \u20ac 9750.-<\/p>\n","protected":false},"excerpt":{"rendered":"<p>Citro\u00ebn 2cv6 Club<br \/>\nBaujahr 1986<br \/>\nKilometerstand 95100<br \/>\nFarbe: AC 446 \/ EKB Rouge Vallelunga<\/p>\n<p>Der Vorbesitzer (genau ein Pietje, was auch sein muss, wenn Sie ein Imker sind) hat diesen ordentlichen roten 2cv vor 17 Jahren bei uns gekauft und ihn all die Jahre mit gro\u00dfer Freude gefahren, ist aber jetzt zu alt geworden und er kommt mag es nicht mehr damit auszugehen. Ich bin froh, dass wir es zur\u00fcckkaufen konnten.<br \/>\nWie Sie auf den Bildern sehen k\u00f6nnen, ist es immer noch sehr ordentlich.<br \/>\nWir haben es noch einmal vollst\u00e4ndig \u00fcberpr\u00fcft, damit Sie es viele Jahre lang mit gro\u00dfer Freude und ohne Sorgen genie\u00dfen k\u00f6nnen.<br \/>\nDer T\u00dcV ist noch bis zum 09.04.2022 g\u00fcltig<br \/>\nVereinbaren Sie einen Termin, um einen Blick darauf zu werfen.<br \/>\nTel. 0031345-681454<br \/>\nPreis \u20ac 9750.-<\/p>\n","protected":false},"featured_media":10518,"template":"","meta":[],"product_cat":[351],"product_tag":[],"class_list":{"0":"post-10689","1":"product","2":"type-product","3":"status-publish","4":"has-post-thumbnail","6":"product_cat-verkaufte-autos","8":"first","9":"instock","10":"shipping-taxable","11":"purchasable","12":"product-type-simple"},"yoast_head":"<!-- This site is optimized with the Yoast SEO plugin v23.1 - https:\/\/yoast.com\/wordpress\/plugins\/seo\/ -->\n<title>Citro\u00ebn 2cv6 Club 1986 - Chateau deux chevaux Beesd<\/title>\n<meta name=\"robots\" content=\"index, follow, max-snippet:-1, max-image-preview:large, max-video-preview:-1\" \/>\n<link rel=\"canonical\" href=\"https:\/\/www.citroen-klassiekers.nl\/de\/produkt\/10689\/\" \/>\n<meta property=\"og:locale\" content=\"de_DE\" \/>\n<meta property=\"og:type\" content=\"article\" \/>\n<meta property=\"og:title\" content=\"Citro\u00ebn 2cv6 Club 1986 - Chateau deux chevaux Beesd\" \/>\n<meta property=\"og:description\" content=\"Citro\u00ebn 2cv6 Club Baujahr 1986 Kilometerstand 95100 Farbe: AC 446 \/ EKB Rouge Vallelunga  Der Vorbesitzer (genau ein Pietje, was auch sein muss, wenn Sie ein Imker sind) hat diesen ordentlichen roten 2cv vor 17 Jahren bei uns gekauft und ihn all die Jahre mit gro\u00dfer Freude gefahren, ist aber jetzt zu alt geworden und er kommt mag es nicht mehr damit auszugehen. Ich bin froh, dass wir es zur\u00fcckkaufen konnten. Wie Sie auf den Bildern sehen k\u00f6nnen, ist es immer noch sehr ordentlich. Wir haben es noch einmal vollst\u00e4ndig \u00fcberpr\u00fcft, damit Sie es viele Jahre lang mit gro\u00dfer Freude und ohne Sorgen genie\u00dfen k\u00f6nnen. Der T\u00dcV ist noch bis zum 09.04.2022 g\u00fcltig Vereinbaren Sie einen Termin, um einen Blick darauf zu werfen. Tel. 0031345-681454 Preis \u20ac 9750.-\" \/>\n<meta property=\"og:url\" content=\"https:\/\/www.citroen-klassiekers.nl\/de\/produkt\/10689\/\" \/>\n<meta property=\"og:site_name\" content=\"Chateau deux chevaux Beesd\" \/>\n<meta property=\"article:publisher\" content=\"https:\/\/www.facebook.com\/Chateau-Deux-Chevaux-111854715599808\/\" \/>\n<meta property=\"article:modified_time\" content=\"2020-10-19T10:45:31+00:00\" \/>\n<meta property=\"og:image\" content=\"https:\/\/www.citroen-klassiekers.nl\/wp-content\/uploads\/2020\/10\/20201010_111707.jpg\" \/>\n\t<meta property=\"og:image:width\" content=\"1632\" \/>\n\t<meta property=\"og:image:height\" content=\"1224\" \/>\n\t<meta property=\"og:image:type\" content=\"image\/jpeg\" \/>\n<meta name=\"twitter:card\" content=\"summary_large_image\" \/>\n<meta name=\"twitter:label1\" content=\"Gesch\u00e4tzte Lesezeit\" \/>\n\t<meta name=\"twitter:data1\" content=\"1\u00a0Minute\" \/>\n<script type=\"application\/ld+json\" class=\"yoast-schema-graph\">{\"@context\":\"https:\/\/schema.org\",\"@graph\":[{\"@type\":\"WebPage\",\"@id\":\"https:\/\/www.citroen-klassiekers.nl\/de\/produkt\/10689\/\",\"url\":\"https:\/\/www.citroen-klassiekers.nl\/de\/produkt\/10689\/\",\"name\":\"Citro\u00ebn 2cv6 Club 1986 - Chateau deux chevaux Beesd\",\"isPartOf\":{\"@id\":\"https:\/\/www.citroen-klassiekers.nl\/de\/#website\"},\"primaryImageOfPage\":{\"@id\":\"https:\/\/www.citroen-klassiekers.nl\/de\/produkt\/10689\/#primaryimage\"},\"image\":{\"@id\":\"https:\/\/www.citroen-klassiekers.nl\/de\/produkt\/10689\/#primaryimage\"},\"thumbnailUrl\":\"https:\/\/www.citroen-klassiekers.nl\/wp-content\/uploads\/2020\/10\/20201010_111707.jpg\",\"datePublished\":\"2020-10-19T10:13:03+00:00\",\"dateModified\":\"2020-10-19T10:45:31+00:00\",\"breadcrumb\":{\"@id\":\"https:\/\/www.citroen-klassiekers.nl\/de\/produkt\/10689\/#breadcrumb\"},\"inLanguage\":\"de\",\"potentialAction\":[{\"@type\":\"ReadAction\",\"target\":[\"https:\/\/www.citroen-klassiekers.nl\/de\/produkt\/10689\/\"]}]},{\"@type\":\"ImageObject\",\"inLanguage\":\"de\",\"@id\":\"https:\/\/www.citroen-klassiekers.nl\/de\/produkt\/10689\/#primaryimage\",\"url\":\"https:\/\/www.citroen-klassiekers.nl\/wp-content\/uploads\/2020\/10\/20201010_111707.jpg\",\"contentUrl\":\"https:\/\/www.citroen-klassiekers.nl\/wp-content\/uploads\/2020\/10\/20201010_111707.jpg\",\"width\":1632,\"height\":1224},{\"@type\":\"BreadcrumbList\",\"@id\":\"https:\/\/www.citroen-klassiekers.nl\/de\/produkt\/10689\/#breadcrumb\",\"itemListElement\":[{\"@type\":\"ListItem\",\"position\":1,\"name\":\"Home\",\"item\":\"https:\/\/www.citroen-klassiekers.nl\/de\/\"},{\"@type\":\"ListItem\",\"position\":2,\"name\":\"Winkel\",\"item\":\"https:\/\/www.citroen-klassiekers.nl\/de\/winkel\/\"},{\"@type\":\"ListItem\",\"position\":3,\"name\":\"Citro\u00ebn 2cv6 Club 1986\"}]},{\"@type\":\"WebSite\",\"@id\":\"https:\/\/www.citroen-klassiekers.nl\/de\/#website\",\"url\":\"https:\/\/www.citroen-klassiekers.nl\/de\/\",\"name\":\"Chateau deux chevaux Beesd\",\"description\":\"\",\"publisher\":{\"@id\":\"https:\/\/www.citroen-klassiekers.nl\/de\/#organization\"},\"potentialAction\":[{\"@type\":\"SearchAction\",\"target\":{\"@type\":\"EntryPoint\",\"urlTemplate\":\"https:\/\/www.citroen-klassiekers.nl\/de\/?s={search_term_string}\"},\"query-input\":\"required name=search_term_string\"}],\"inLanguage\":\"de\"},{\"@type\":\"Organization\",\"@id\":\"https:\/\/www.citroen-klassiekers.nl\/de\/#organization\",\"name\":\"Chateau Deux Chevaux\",\"url\":\"https:\/\/www.citroen-klassiekers.nl\/de\/\",\"logo\":{\"@type\":\"ImageObject\",\"inLanguage\":\"de\",\"@id\":\"https:\/\/www.citroen-klassiekers.nl\/de\/#\/schema\/logo\/image\/\",\"url\":\"https:\/\/www.citroen-klassiekers.nl\/wp-content\/uploads\/2015\/11\/Logo-chateau-01-01.png\",\"contentUrl\":\"https:\/\/www.citroen-klassiekers.nl\/wp-content\/uploads\/2015\/11\/Logo-chateau-01-01.png\",\"width\":2946,\"height\":1944,\"caption\":\"Chateau Deux Chevaux\"},\"image\":{\"@id\":\"https:\/\/www.citroen-klassiekers.nl\/de\/#\/schema\/logo\/image\/\"},\"sameAs\":[\"https:\/\/www.facebook.com\/Chateau-Deux-Chevaux-111854715599808\/\",\"https:\/\/www.youtube.com\/user\/Citroenklassiekers\"]}]}<\/script>\n<!-- \/ Yoast SEO plugin. -->","yoast_head_json":{"title":"Citro\u00ebn 2cv6 Club 1986 - Chateau deux chevaux Beesd","robots":{"index":"index","follow":"follow","max-snippet":"max-snippet:-1","max-image-preview":"max-image-preview:large","max-video-preview":"max-video-preview:-1"},"canonical":"https:\/\/www.citroen-klassiekers.nl\/de\/produkt\/10689\/","og_locale":"de_DE","og_type":"article","og_title":"Citro\u00ebn 2cv6 Club 1986 - Chateau deux chevaux Beesd","og_description":"Citro\u00ebn 2cv6 Club Baujahr 1986 Kilometerstand 95100 Farbe: AC 446 \/ EKB Rouge Vallelunga  Der Vorbesitzer (genau ein Pietje, was auch sein muss, wenn Sie ein Imker sind) hat diesen ordentlichen roten 2cv vor 17 Jahren bei uns gekauft und ihn all die Jahre mit gro\u00dfer Freude gefahren, ist aber jetzt zu alt geworden und er kommt mag es nicht mehr damit auszugehen. Ich bin froh, dass wir es zur\u00fcckkaufen konnten. Wie Sie auf den Bildern sehen k\u00f6nnen, ist es immer noch sehr ordentlich. Wir haben es noch einmal vollst\u00e4ndig \u00fcberpr\u00fcft, damit Sie es viele Jahre lang mit gro\u00dfer Freude und ohne Sorgen genie\u00dfen k\u00f6nnen. Der T\u00dcV ist noch bis zum 09.04.2022 g\u00fcltig Vereinbaren Sie einen Termin, um einen Blick darauf zu werfen. Tel. 0031345-681454 Preis \u20ac 9750.-","og_url":"https:\/\/www.citroen-klassiekers.nl\/de\/produkt\/10689\/","og_site_name":"Chateau deux chevaux Beesd","article_publisher":"https:\/\/www.facebook.com\/Chateau-Deux-Chevaux-111854715599808\/","article_modified_time":"2020-10-19T10:45:31+00:00","og_image":[{"width":1632,"height":1224,"url":"https:\/\/www.citroen-klassiekers.nl\/wp-content\/uploads\/2020\/10\/20201010_111707.jpg","type":"image\/jpeg"}],"twitter_card":"summary_large_image","twitter_misc":{"Gesch\u00e4tzte Lesezeit":"1\u00a0Minute"},"schema":{"@context":"https:\/\/schema.org","@graph":[{"@type":"WebPage","@id":"https:\/\/www.citroen-klassiekers.nl\/de\/produkt\/10689\/","url":"https:\/\/www.citroen-klassiekers.nl\/de\/produkt\/10689\/","name":"Citro\u00ebn 2cv6 Club 1986 - Chateau deux chevaux Beesd","isPartOf":{"@id":"https:\/\/www.citroen-klassiekers.nl\/de\/#website"},"primaryImageOfPage":{"@id":"https:\/\/www.citroen-klassiekers.nl\/de\/produkt\/10689\/#primaryimage"},"image":{"@id":"https:\/\/www.citroen-klassiekers.nl\/de\/produkt\/10689\/#primaryimage"},"thumbnailUrl":"https:\/\/www.citroen-klassiekers.nl\/wp-content\/uploads\/2020\/10\/20201010_111707.jpg","datePublished":"2020-10-19T10:13:03+00:00","dateModified":"2020-10-19T10:45:31+00:00","breadcrumb":{"@id":"https:\/\/www.citroen-klassiekers.nl\/de\/produkt\/10689\/#breadcrumb"},"inLanguage":"de","potentialAction":[{"@type":"ReadAction","target":["https:\/\/www.citroen-klassiekers.nl\/de\/produkt\/10689\/"]}]},{"@type":"ImageObject","inLanguage":"de","@id":"https:\/\/www.citroen-klassiekers.nl\/de\/produkt\/10689\/#primaryimage","url":"https:\/\/www.citroen-klassiekers.nl\/wp-content\/uploads\/2020\/10\/20201010_111707.jpg","contentUrl":"https:\/\/www.citroen-klassiekers.nl\/wp-content\/uploads\/2020\/10\/20201010_111707.jpg","width":1632,"height":1224},{"@type":"BreadcrumbList","@id":"https:\/\/www.citroen-klassiekers.nl\/de\/produkt\/10689\/#breadcrumb","itemListElement":[{"@type":"ListItem","position":1,"name":"Home","item":"https:\/\/www.citroen-klassiekers.nl\/de\/"},{"@type":"ListItem","position":2,"name":"Winkel","item":"https:\/\/www.citroen-klassiekers.nl\/de\/winkel\/"},{"@type":"ListItem","position":3,"name":"Citro\u00ebn 2cv6 Club 1986"}]},{"@type":"WebSite","@id":"https:\/\/www.citroen-klassiekers.nl\/de\/#website","url":"https:\/\/www.citroen-klassiekers.nl\/de\/","name":"Chateau deux chevaux Beesd","description":"","publisher":{"@id":"https:\/\/www.citroen-klassiekers.nl\/de\/#organization"},"potentialAction":[{"@type":"SearchAction","target":{"@type":"EntryPoint","urlTemplate":"https:\/\/www.citroen-klassiekers.nl\/de\/?s={search_term_string}"},"query-input":"required name=search_term_string"}],"inLanguage":"de"},{"@type":"Organization","@id":"https:\/\/www.citroen-klassiekers.nl\/de\/#organization","name":"Chateau Deux Chevaux","url":"https:\/\/www.citroen-klassiekers.nl\/de\/","logo":{"@type":"ImageObject","inLanguage":"de","@id":"https:\/\/www.citroen-klassiekers.nl\/de\/#\/schema\/logo\/image\/","url":"https:\/\/www.citroen-klassiekers.nl\/wp-content\/uploads\/2015\/11\/Logo-chateau-01-01.png","contentUrl":"https:\/\/www.citroen-klassiekers.nl\/wp-content\/uploads\/2015\/11\/Logo-chateau-01-01.png","width":2946,"height":1944,"caption":"Chateau Deux Chevaux"},"image":{"@id":"https:\/\/www.citroen-klassiekers.nl\/de\/#\/schema\/logo\/image\/"},"sameAs":["https:\/\/www.facebook.com\/Chateau-Deux-Chevaux-111854715599808\/","https:\/\/www.youtube.com\/user\/Citroenklassiekers"]}]}},"_links":{"self":[{"href":"https:\/\/www.citroen-klassiekers.nl\/de\/wp-json\/wp\/v2\/product\/10689","targetHints":{"allow":["GET"]}}],"collection":[{"href":"https:\/\/www.citroen-klassiekers.nl\/de\/wp-json\/wp\/v2\/product"}],"about":[{"href":"https:\/\/www.citroen-klassiekers.nl\/de\/wp-json\/wp\/v2\/types\/product"}],"wp:featuredmedia":[{"embeddable":true,"href":"https:\/\/www.citroen-klassiekers.nl\/de\/wp-json\/wp\/v2\/media\/10518"}],"wp:attachment":[{"href":"https:\/\/www.citroen-klassiekers.nl\/de\/wp-json\/wp\/v2\/media?parent=10689"}],"wp:term":[{"taxonomy":"product_cat","embeddable":true,"href":"https:\/\/www.citroen-klassiekers.nl\/de\/wp-json\/wp\/v2\/product_cat?post=10689"},{"taxonomy":"product_tag","embeddable":true,"href":"https:\/\/www.citroen-klassiekers.nl\/de\/wp-json\/wp\/v2\/product_tag?post=10689"}],"curies":[{"name":"wp","href":"https:\/\/api.w.org\/{rel}","templated":true}]}}