{"id":13997,"date":"2022-09-09T09:35:18","date_gmt":"2022-09-09T12:50:56","guid":{"rendered":"https:\/\/www.citroen-klassiekers.nl\/?post_type=product&#038;p=13997"},"modified":"2022-09-09T13:50:56","modified_gmt":"2022-09-09T12:50:56","slug":"schoener-2cv-mit-viel-potenzial-werbeobjekt","status":"publish","type":"product","link":"https:\/\/www.citroen-klassiekers.nl\/de\/produkt\/schoener-2cv-mit-viel-potenzial-werbeobjekt\/","title":{"rendered":"Sch\u00f6ner 2cv mit viel Potenzial \/ Werbeobjekt"},"content":{"rendered":"","protected":false},"excerpt":{"rendered":"<p>Sch\u00f6ner 2cv mit viel Potenzial<\/p>\n<p>Sehr gut geeignet f\u00fcr Werbezwecke!<\/p>\n<p>ohne Motor<br \/>\nohne Nummernschild<br \/>\nBaujahr unbekannt<br \/>\nOhne Identit\u00e4t<\/p>\n<p>Mit originalen Schmutzf\u00e4ngern hinten<\/p>\n<p>Take-Away-Preis \u20ac 1750,-<\/p>\n<p>Kontaktieren Sie uns unter +31(0)345-681454<\/p>\n","protected":false},"featured_media":14004,"template":"","meta":[],"product_cat":[354],"product_tag":[],"class_list":{"0":"post-13997","1":"product","2":"type-product","3":"status-publish","4":"has-post-thumbnail","6":"product_cat-dans-son-jus-de","8":"first","9":"instock","10":"shipping-taxable","11":"purchasable","12":"product-type-simple"},"yoast_head":"<!-- This site is optimized with the Yoast SEO plugin v23.1 - https:\/\/yoast.com\/wordpress\/plugins\/seo\/ -->\n<title>Sch\u00f6ner 2cv mit viel Potenzial \/ Werbeobjekt - Chateau deux chevaux Beesd<\/title>\n<meta name=\"robots\" content=\"index, follow, max-snippet:-1, max-image-preview:large, max-video-preview:-1\" \/>\n<link rel=\"canonical\" href=\"https:\/\/www.citroen-klassiekers.nl\/de\/produkt\/schoener-2cv-mit-viel-potenzial-werbeobjekt\/\" \/>\n<meta property=\"og:locale\" content=\"de_DE\" \/>\n<meta property=\"og:type\" content=\"article\" \/>\n<meta property=\"og:title\" content=\"Sch\u00f6ner 2cv mit viel Potenzial \/ Werbeobjekt - Chateau deux chevaux Beesd\" \/>\n<meta property=\"og:description\" content=\"Sch\u00f6ner 2cv mit viel Potenzial  Sehr gut geeignet f\u00fcr Werbezwecke!  ohne Motor ohne Nummernschild Baujahr unbekannt Ohne Identit\u00e4t  Mit originalen Schmutzf\u00e4ngern hinten  Take-Away-Preis \u20ac 1750,-  Kontaktieren Sie uns unter +31(0)345-681454\" \/>\n<meta property=\"og:url\" content=\"https:\/\/www.citroen-klassiekers.nl\/de\/produkt\/schoener-2cv-mit-viel-potenzial-werbeobjekt\/\" \/>\n<meta property=\"og:site_name\" content=\"Chateau deux chevaux Beesd\" \/>\n<meta property=\"article:publisher\" content=\"https:\/\/www.facebook.com\/Chateau-Deux-Chevaux-111854715599808\/\" \/>\n<meta property=\"og:image\" content=\"https:\/\/www.citroen-klassiekers.nl\/wp-content\/uploads\/2022\/09\/IMG_4168.jpg\" \/>\n\t<meta property=\"og:image:width\" content=\"1536\" \/>\n\t<meta property=\"og:image:height\" content=\"1024\" \/>\n\t<meta property=\"og:image:type\" content=\"image\/jpeg\" \/>\n<meta name=\"twitter:card\" content=\"summary_large_image\" \/>\n<script type=\"application\/ld+json\" class=\"yoast-schema-graph\">{\"@context\":\"https:\/\/schema.org\",\"@graph\":[{\"@type\":\"WebPage\",\"@id\":\"https:\/\/www.citroen-klassiekers.nl\/de\/produkt\/schoener-2cv-mit-viel-potenzial-werbeobjekt\/\",\"url\":\"https:\/\/www.citroen-klassiekers.nl\/de\/produkt\/schoener-2cv-mit-viel-potenzial-werbeobjekt\/\",\"name\":\"Sch\u00f6ner 2cv mit viel Potenzial \/ Werbeobjekt - Chateau deux chevaux Beesd\",\"isPartOf\":{\"@id\":\"https:\/\/www.citroen-klassiekers.nl\/de\/#website\"},\"primaryImageOfPage\":{\"@id\":\"https:\/\/www.citroen-klassiekers.nl\/de\/produkt\/schoener-2cv-mit-viel-potenzial-werbeobjekt\/#primaryimage\"},\"image\":{\"@id\":\"https:\/\/www.citroen-klassiekers.nl\/de\/produkt\/schoener-2cv-mit-viel-potenzial-werbeobjekt\/#primaryimage\"},\"thumbnailUrl\":\"https:\/\/www.citroen-klassiekers.nl\/wp-content\/uploads\/2022\/09\/20220909_160224.jpg\",\"datePublished\":\"2022-09-09T12:50:56+00:00\",\"dateModified\":\"2022-09-09T12:50:56+00:00\",\"breadcrumb\":{\"@id\":\"https:\/\/www.citroen-klassiekers.nl\/de\/produkt\/schoener-2cv-mit-viel-potenzial-werbeobjekt\/#breadcrumb\"},\"inLanguage\":\"de\",\"potentialAction\":[{\"@type\":\"ReadAction\",\"target\":[\"https:\/\/www.citroen-klassiekers.nl\/de\/produkt\/schoener-2cv-mit-viel-potenzial-werbeobjekt\/\"]}]},{\"@type\":\"ImageObject\",\"inLanguage\":\"de\",\"@id\":\"https:\/\/www.citroen-klassiekers.nl\/de\/produkt\/schoener-2cv-mit-viel-potenzial-werbeobjekt\/#primaryimage\",\"url\":\"https:\/\/www.citroen-klassiekers.nl\/wp-content\/uploads\/2022\/09\/20220909_160224.jpg\",\"contentUrl\":\"https:\/\/www.citroen-klassiekers.nl\/wp-content\/uploads\/2022\/09\/20220909_160224.jpg\",\"width\":2016,\"height\":1512},{\"@type\":\"BreadcrumbList\",\"@id\":\"https:\/\/www.citroen-klassiekers.nl\/de\/produkt\/schoener-2cv-mit-viel-potenzial-werbeobjekt\/#breadcrumb\",\"itemListElement\":[{\"@type\":\"ListItem\",\"position\":1,\"name\":\"Home\",\"item\":\"https:\/\/www.citroen-klassiekers.nl\/de\/\"},{\"@type\":\"ListItem\",\"position\":2,\"name\":\"Winkel\",\"item\":\"https:\/\/www.citroen-klassiekers.nl\/de\/winkel\/\"},{\"@type\":\"ListItem\",\"position\":3,\"name\":\"Sch\u00f6ner 2cv mit viel Potenzial \/ Werbeobjekt\"}]},{\"@type\":\"WebSite\",\"@id\":\"https:\/\/www.citroen-klassiekers.nl\/de\/#website\",\"url\":\"https:\/\/www.citroen-klassiekers.nl\/de\/\",\"name\":\"Chateau deux chevaux Beesd\",\"description\":\"\",\"publisher\":{\"@id\":\"https:\/\/www.citroen-klassiekers.nl\/de\/#organization\"},\"potentialAction\":[{\"@type\":\"SearchAction\",\"target\":{\"@type\":\"EntryPoint\",\"urlTemplate\":\"https:\/\/www.citroen-klassiekers.nl\/de\/?s={search_term_string}\"},\"query-input\":\"required name=search_term_string\"}],\"inLanguage\":\"de\"},{\"@type\":\"Organization\",\"@id\":\"https:\/\/www.citroen-klassiekers.nl\/de\/#organization\",\"name\":\"Chateau Deux Chevaux\",\"url\":\"https:\/\/www.citroen-klassiekers.nl\/de\/\",\"logo\":{\"@type\":\"ImageObject\",\"inLanguage\":\"de\",\"@id\":\"https:\/\/www.citroen-klassiekers.nl\/de\/#\/schema\/logo\/image\/\",\"url\":\"https:\/\/www.citroen-klassiekers.nl\/wp-content\/uploads\/2015\/11\/Logo-chateau-01-01.png\",\"contentUrl\":\"https:\/\/www.citroen-klassiekers.nl\/wp-content\/uploads\/2015\/11\/Logo-chateau-01-01.png\",\"width\":2946,\"height\":1944,\"caption\":\"Chateau Deux Chevaux\"},\"image\":{\"@id\":\"https:\/\/www.citroen-klassiekers.nl\/de\/#\/schema\/logo\/image\/\"},\"sameAs\":[\"https:\/\/www.facebook.com\/Chateau-Deux-Chevaux-111854715599808\/\",\"https:\/\/www.youtube.com\/user\/Citroenklassiekers\"]}]}<\/script>\n<!-- \/ Yoast SEO plugin. -->","yoast_head_json":{"title":"Sch\u00f6ner 2cv mit viel Potenzial \/ Werbeobjekt - Chateau deux chevaux Beesd","robots":{"index":"index","follow":"follow","max-snippet":"max-snippet:-1","max-image-preview":"max-image-preview:large","max-video-preview":"max-video-preview:-1"},"canonical":"https:\/\/www.citroen-klassiekers.nl\/de\/produkt\/schoener-2cv-mit-viel-potenzial-werbeobjekt\/","og_locale":"de_DE","og_type":"article","og_title":"Sch\u00f6ner 2cv mit viel Potenzial \/ Werbeobjekt - Chateau deux chevaux Beesd","og_description":"Sch\u00f6ner 2cv mit viel Potenzial  Sehr gut geeignet f\u00fcr Werbezwecke!  ohne Motor ohne Nummernschild Baujahr unbekannt Ohne Identit\u00e4t  Mit originalen Schmutzf\u00e4ngern hinten  Take-Away-Preis \u20ac 1750,-  Kontaktieren Sie uns unter +31(0)345-681454","og_url":"https:\/\/www.citroen-klassiekers.nl\/de\/produkt\/schoener-2cv-mit-viel-potenzial-werbeobjekt\/","og_site_name":"Chateau deux chevaux Beesd","article_publisher":"https:\/\/www.facebook.com\/Chateau-Deux-Chevaux-111854715599808\/","og_image":[{"width":1536,"height":1024,"url":"https:\/\/www.citroen-klassiekers.nl\/wp-content\/uploads\/2022\/09\/IMG_4168.jpg","type":"image\/jpeg"}],"twitter_card":"summary_large_image","schema":{"@context":"https:\/\/schema.org","@graph":[{"@type":"WebPage","@id":"https:\/\/www.citroen-klassiekers.nl\/de\/produkt\/schoener-2cv-mit-viel-potenzial-werbeobjekt\/","url":"https:\/\/www.citroen-klassiekers.nl\/de\/produkt\/schoener-2cv-mit-viel-potenzial-werbeobjekt\/","name":"Sch\u00f6ner 2cv mit viel Potenzial \/ Werbeobjekt - Chateau deux chevaux Beesd","isPartOf":{"@id":"https:\/\/www.citroen-klassiekers.nl\/de\/#website"},"primaryImageOfPage":{"@id":"https:\/\/www.citroen-klassiekers.nl\/de\/produkt\/schoener-2cv-mit-viel-potenzial-werbeobjekt\/#primaryimage"},"image":{"@id":"https:\/\/www.citroen-klassiekers.nl\/de\/produkt\/schoener-2cv-mit-viel-potenzial-werbeobjekt\/#primaryimage"},"thumbnailUrl":"https:\/\/www.citroen-klassiekers.nl\/wp-content\/uploads\/2022\/09\/20220909_160224.jpg","datePublished":"2022-09-09T12:50:56+00:00","dateModified":"2022-09-09T12:50:56+00:00","breadcrumb":{"@id":"https:\/\/www.citroen-klassiekers.nl\/de\/produkt\/schoener-2cv-mit-viel-potenzial-werbeobjekt\/#breadcrumb"},"inLanguage":"de","potentialAction":[{"@type":"ReadAction","target":["https:\/\/www.citroen-klassiekers.nl\/de\/produkt\/schoener-2cv-mit-viel-potenzial-werbeobjekt\/"]}]},{"@type":"ImageObject","inLanguage":"de","@id":"https:\/\/www.citroen-klassiekers.nl\/de\/produkt\/schoener-2cv-mit-viel-potenzial-werbeobjekt\/#primaryimage","url":"https:\/\/www.citroen-klassiekers.nl\/wp-content\/uploads\/2022\/09\/20220909_160224.jpg","contentUrl":"https:\/\/www.citroen-klassiekers.nl\/wp-content\/uploads\/2022\/09\/20220909_160224.jpg","width":2016,"height":1512},{"@type":"BreadcrumbList","@id":"https:\/\/www.citroen-klassiekers.nl\/de\/produkt\/schoener-2cv-mit-viel-potenzial-werbeobjekt\/#breadcrumb","itemListElement":[{"@type":"ListItem","position":1,"name":"Home","item":"https:\/\/www.citroen-klassiekers.nl\/de\/"},{"@type":"ListItem","position":2,"name":"Winkel","item":"https:\/\/www.citroen-klassiekers.nl\/de\/winkel\/"},{"@type":"ListItem","position":3,"name":"Sch\u00f6ner 2cv mit viel Potenzial \/ Werbeobjekt"}]},{"@type":"WebSite","@id":"https:\/\/www.citroen-klassiekers.nl\/de\/#website","url":"https:\/\/www.citroen-klassiekers.nl\/de\/","name":"Chateau deux chevaux Beesd","description":"","publisher":{"@id":"https:\/\/www.citroen-klassiekers.nl\/de\/#organization"},"potentialAction":[{"@type":"SearchAction","target":{"@type":"EntryPoint","urlTemplate":"https:\/\/www.citroen-klassiekers.nl\/de\/?s={search_term_string}"},"query-input":"required name=search_term_string"}],"inLanguage":"de"},{"@type":"Organization","@id":"https:\/\/www.citroen-klassiekers.nl\/de\/#organization","name":"Chateau Deux Chevaux","url":"https:\/\/www.citroen-klassiekers.nl\/de\/","logo":{"@type":"ImageObject","inLanguage":"de","@id":"https:\/\/www.citroen-klassiekers.nl\/de\/#\/schema\/logo\/image\/","url":"https:\/\/www.citroen-klassiekers.nl\/wp-content\/uploads\/2015\/11\/Logo-chateau-01-01.png","contentUrl":"https:\/\/www.citroen-klassiekers.nl\/wp-content\/uploads\/2015\/11\/Logo-chateau-01-01.png","width":2946,"height":1944,"caption":"Chateau Deux Chevaux"},"image":{"@id":"https:\/\/www.citroen-klassiekers.nl\/de\/#\/schema\/logo\/image\/"},"sameAs":["https:\/\/www.facebook.com\/Chateau-Deux-Chevaux-111854715599808\/","https:\/\/www.youtube.com\/user\/Citroenklassiekers"]}]}},"_links":{"self":[{"href":"https:\/\/www.citroen-klassiekers.nl\/de\/wp-json\/wp\/v2\/product\/13997","targetHints":{"allow":["GET"]}}],"collection":[{"href":"https:\/\/www.citroen-klassiekers.nl\/de\/wp-json\/wp\/v2\/product"}],"about":[{"href":"https:\/\/www.citroen-klassiekers.nl\/de\/wp-json\/wp\/v2\/types\/product"}],"wp:featuredmedia":[{"embeddable":true,"href":"https:\/\/www.citroen-klassiekers.nl\/de\/wp-json\/wp\/v2\/media\/14004"}],"wp:attachment":[{"href":"https:\/\/www.citroen-klassiekers.nl\/de\/wp-json\/wp\/v2\/media?parent=13997"}],"wp:term":[{"taxonomy":"product_cat","embeddable":true,"href":"https:\/\/www.citroen-klassiekers.nl\/de\/wp-json\/wp\/v2\/product_cat?post=13997"},{"taxonomy":"product_tag","embeddable":true,"href":"https:\/\/www.citroen-klassiekers.nl\/de\/wp-json\/wp\/v2\/product_tag?post=13997"}],"curies":[{"name":"wp","href":"https:\/\/api.w.org\/{rel}","templated":true}]}}