{"id":14030,"date":"2022-09-09T09:13:34","date_gmt":"2022-09-10T10:37:11","guid":{"rendered":"https:\/\/www.citroen-klassiekers.nl\/?post_type=product&#038;p=14030"},"modified":"2022-09-10T11:37:11","modified_gmt":"2022-09-10T10:37:11","slug":"citroen-2cv6-sondercoupe-von-1981","status":"publish","type":"product","link":"https:\/\/www.citroen-klassiekers.nl\/de\/produkt\/citroen-2cv6-sondercoupe-von-1981\/","title":{"rendered":"Citroen 2CV6 Sondercoup\u00e9 von 1981"},"content":{"rendered":"","protected":false},"excerpt":{"rendered":"<p>Citroen 2CV6 Special 1981 Coup\u00e9 sucht einen neuen Besitzer.<\/p>\n<p>Ich habe ungef\u00e4hr 92390 km gefahren und bin aus dem Jahr 1981. Mein Vorbesitzer hat mich sch\u00f6n lackiert.<\/p>\n<p>Mein Fahrgestell ist recht gut und ich habe eine aktive niederl\u00e4ndische Zulassung.<\/p>\n<p>Ich muss zwar etwas an meiner Karosserie schwei\u00dfen, aber dann bin ich bereit f\u00fcr viele angenehme Reisen durch die Niederlande.<\/p>\n<p>Willst du mich wiederherstellen? Das ist Ihre Chance!<\/p>\n<p>Ich stehe f\u00fcr \u20ac2750,-  zum Verkauf<\/p>\n<p>Bei Bedarf kann ich geliefert werden.<\/p>\n<p>Kontaktieren Sie uns unter +31(0)345-681454<\/p>\n","protected":false},"featured_media":13312,"template":"","meta":[],"product_cat":[354],"product_tag":[],"class_list":{"0":"post-14030","1":"product","2":"type-product","3":"status-publish","4":"has-post-thumbnail","6":"product_cat-dans-son-jus-de","8":"first","9":"instock","10":"shipping-taxable","11":"purchasable","12":"product-type-simple"},"yoast_head":"<!-- This site is optimized with the Yoast SEO plugin v23.1 - https:\/\/yoast.com\/wordpress\/plugins\/seo\/ -->\n<title>Citroen 2CV6 Sondercoup\u00e9 von 1981 - Chateau deux chevaux Beesd<\/title>\n<meta name=\"robots\" content=\"index, follow, max-snippet:-1, max-image-preview:large, max-video-preview:-1\" \/>\n<link rel=\"canonical\" href=\"https:\/\/www.citroen-klassiekers.nl\/de\/produkt\/citroen-2cv6-sondercoupe-von-1981\/\" \/>\n<meta property=\"og:locale\" content=\"de_DE\" \/>\n<meta property=\"og:type\" content=\"article\" \/>\n<meta property=\"og:title\" content=\"Citroen 2CV6 Sondercoup\u00e9 von 1981 - Chateau deux chevaux Beesd\" \/>\n<meta property=\"og:description\" content=\"Citroen 2CV6 Special 1981 Coup\u00e9 sucht einen neuen Besitzer.  Ich habe ungef\u00e4hr 92390 km gefahren und bin aus dem Jahr 1981. Mein Vorbesitzer hat mich sch\u00f6n lackiert.  Mein Fahrgestell ist recht gut und ich habe eine aktive niederl\u00e4ndische Zulassung.  Ich muss zwar etwas an meiner Karosserie schwei\u00dfen, aber dann bin ich bereit f\u00fcr viele angenehme Reisen durch die Niederlande.  Willst du mich wiederherstellen? Das ist Ihre Chance!  Ich stehe f\u00fcr \u20ac2750,- zum Verkauf  Bei Bedarf kann ich geliefert werden.  Kontaktieren Sie uns unter +31(0)345-681454\" \/>\n<meta property=\"og:url\" content=\"https:\/\/www.citroen-klassiekers.nl\/de\/produkt\/citroen-2cv6-sondercoupe-von-1981\/\" \/>\n<meta property=\"og:site_name\" content=\"Chateau deux chevaux Beesd\" \/>\n<meta property=\"article:publisher\" content=\"https:\/\/www.facebook.com\/Chateau-Deux-Chevaux-111854715599808\/\" \/>\n<meta property=\"og:image\" content=\"https:\/\/www.citroen-klassiekers.nl\/wp-content\/uploads\/2022\/09\/IMG_4214-2.jpg\" \/>\n\t<meta property=\"og:image:width\" content=\"1536\" \/>\n\t<meta property=\"og:image:height\" content=\"1024\" \/>\n\t<meta property=\"og:image:type\" content=\"image\/jpeg\" \/>\n<meta name=\"twitter:card\" content=\"summary_large_image\" \/>\n<script type=\"application\/ld+json\" class=\"yoast-schema-graph\">{\"@context\":\"https:\/\/schema.org\",\"@graph\":[{\"@type\":\"WebPage\",\"@id\":\"https:\/\/www.citroen-klassiekers.nl\/de\/produkt\/citroen-2cv6-sondercoupe-von-1981\/\",\"url\":\"https:\/\/www.citroen-klassiekers.nl\/de\/produkt\/citroen-2cv6-sondercoupe-von-1981\/\",\"name\":\"Citroen 2CV6 Sondercoup\u00e9 von 1981 - Chateau deux chevaux Beesd\",\"isPartOf\":{\"@id\":\"https:\/\/www.citroen-klassiekers.nl\/de\/#website\"},\"primaryImageOfPage\":{\"@id\":\"https:\/\/www.citroen-klassiekers.nl\/de\/produkt\/citroen-2cv6-sondercoupe-von-1981\/#primaryimage\"},\"image\":{\"@id\":\"https:\/\/www.citroen-klassiekers.nl\/de\/produkt\/citroen-2cv6-sondercoupe-von-1981\/#primaryimage\"},\"thumbnailUrl\":\"https:\/\/www.citroen-klassiekers.nl\/wp-content\/uploads\/2022\/09\/IMG_4214-2.jpg\",\"datePublished\":\"2022-09-10T10:37:11+00:00\",\"dateModified\":\"2022-09-10T10:37:11+00:00\",\"breadcrumb\":{\"@id\":\"https:\/\/www.citroen-klassiekers.nl\/de\/produkt\/citroen-2cv6-sondercoupe-von-1981\/#breadcrumb\"},\"inLanguage\":\"de\",\"potentialAction\":[{\"@type\":\"ReadAction\",\"target\":[\"https:\/\/www.citroen-klassiekers.nl\/de\/produkt\/citroen-2cv6-sondercoupe-von-1981\/\"]}]},{\"@type\":\"ImageObject\",\"inLanguage\":\"de\",\"@id\":\"https:\/\/www.citroen-klassiekers.nl\/de\/produkt\/citroen-2cv6-sondercoupe-von-1981\/#primaryimage\",\"url\":\"https:\/\/www.citroen-klassiekers.nl\/wp-content\/uploads\/2022\/09\/IMG_4214-2.jpg\",\"contentUrl\":\"https:\/\/www.citroen-klassiekers.nl\/wp-content\/uploads\/2022\/09\/IMG_4214-2.jpg\",\"width\":1536,\"height\":1024},{\"@type\":\"BreadcrumbList\",\"@id\":\"https:\/\/www.citroen-klassiekers.nl\/de\/produkt\/citroen-2cv6-sondercoupe-von-1981\/#breadcrumb\",\"itemListElement\":[{\"@type\":\"ListItem\",\"position\":1,\"name\":\"Home\",\"item\":\"https:\/\/www.citroen-klassiekers.nl\/de\/\"},{\"@type\":\"ListItem\",\"position\":2,\"name\":\"Winkel\",\"item\":\"https:\/\/www.citroen-klassiekers.nl\/de\/winkel\/\"},{\"@type\":\"ListItem\",\"position\":3,\"name\":\"Citroen 2CV6 Sondercoup\u00e9 von 1981\"}]},{\"@type\":\"WebSite\",\"@id\":\"https:\/\/www.citroen-klassiekers.nl\/de\/#website\",\"url\":\"https:\/\/www.citroen-klassiekers.nl\/de\/\",\"name\":\"Chateau deux chevaux Beesd\",\"description\":\"\",\"publisher\":{\"@id\":\"https:\/\/www.citroen-klassiekers.nl\/de\/#organization\"},\"potentialAction\":[{\"@type\":\"SearchAction\",\"target\":{\"@type\":\"EntryPoint\",\"urlTemplate\":\"https:\/\/www.citroen-klassiekers.nl\/de\/?s={search_term_string}\"},\"query-input\":\"required name=search_term_string\"}],\"inLanguage\":\"de\"},{\"@type\":\"Organization\",\"@id\":\"https:\/\/www.citroen-klassiekers.nl\/de\/#organization\",\"name\":\"Chateau Deux Chevaux\",\"url\":\"https:\/\/www.citroen-klassiekers.nl\/de\/\",\"logo\":{\"@type\":\"ImageObject\",\"inLanguage\":\"de\",\"@id\":\"https:\/\/www.citroen-klassiekers.nl\/de\/#\/schema\/logo\/image\/\",\"url\":\"https:\/\/www.citroen-klassiekers.nl\/wp-content\/uploads\/2015\/11\/Logo-chateau-01-01.png\",\"contentUrl\":\"https:\/\/www.citroen-klassiekers.nl\/wp-content\/uploads\/2015\/11\/Logo-chateau-01-01.png\",\"width\":2946,\"height\":1944,\"caption\":\"Chateau Deux Chevaux\"},\"image\":{\"@id\":\"https:\/\/www.citroen-klassiekers.nl\/de\/#\/schema\/logo\/image\/\"},\"sameAs\":[\"https:\/\/www.facebook.com\/Chateau-Deux-Chevaux-111854715599808\/\",\"https:\/\/www.youtube.com\/user\/Citroenklassiekers\"]}]}<\/script>\n<!-- \/ Yoast SEO plugin. -->","yoast_head_json":{"title":"Citroen 2CV6 Sondercoup\u00e9 von 1981 - Chateau deux chevaux Beesd","robots":{"index":"index","follow":"follow","max-snippet":"max-snippet:-1","max-image-preview":"max-image-preview:large","max-video-preview":"max-video-preview:-1"},"canonical":"https:\/\/www.citroen-klassiekers.nl\/de\/produkt\/citroen-2cv6-sondercoupe-von-1981\/","og_locale":"de_DE","og_type":"article","og_title":"Citroen 2CV6 Sondercoup\u00e9 von 1981 - Chateau deux chevaux Beesd","og_description":"Citroen 2CV6 Special 1981 Coup\u00e9 sucht einen neuen Besitzer.  Ich habe ungef\u00e4hr 92390 km gefahren und bin aus dem Jahr 1981. Mein Vorbesitzer hat mich sch\u00f6n lackiert.  Mein Fahrgestell ist recht gut und ich habe eine aktive niederl\u00e4ndische Zulassung.  Ich muss zwar etwas an meiner Karosserie schwei\u00dfen, aber dann bin ich bereit f\u00fcr viele angenehme Reisen durch die Niederlande.  Willst du mich wiederherstellen? Das ist Ihre Chance!  Ich stehe f\u00fcr \u20ac2750,- zum Verkauf  Bei Bedarf kann ich geliefert werden.  Kontaktieren Sie uns unter +31(0)345-681454","og_url":"https:\/\/www.citroen-klassiekers.nl\/de\/produkt\/citroen-2cv6-sondercoupe-von-1981\/","og_site_name":"Chateau deux chevaux Beesd","article_publisher":"https:\/\/www.facebook.com\/Chateau-Deux-Chevaux-111854715599808\/","og_image":[{"width":1536,"height":1024,"url":"https:\/\/www.citroen-klassiekers.nl\/wp-content\/uploads\/2022\/09\/IMG_4214-2.jpg","type":"image\/jpeg"}],"twitter_card":"summary_large_image","schema":{"@context":"https:\/\/schema.org","@graph":[{"@type":"WebPage","@id":"https:\/\/www.citroen-klassiekers.nl\/de\/produkt\/citroen-2cv6-sondercoupe-von-1981\/","url":"https:\/\/www.citroen-klassiekers.nl\/de\/produkt\/citroen-2cv6-sondercoupe-von-1981\/","name":"Citroen 2CV6 Sondercoup\u00e9 von 1981 - Chateau deux chevaux Beesd","isPartOf":{"@id":"https:\/\/www.citroen-klassiekers.nl\/de\/#website"},"primaryImageOfPage":{"@id":"https:\/\/www.citroen-klassiekers.nl\/de\/produkt\/citroen-2cv6-sondercoupe-von-1981\/#primaryimage"},"image":{"@id":"https:\/\/www.citroen-klassiekers.nl\/de\/produkt\/citroen-2cv6-sondercoupe-von-1981\/#primaryimage"},"thumbnailUrl":"https:\/\/www.citroen-klassiekers.nl\/wp-content\/uploads\/2022\/09\/IMG_4214-2.jpg","datePublished":"2022-09-10T10:37:11+00:00","dateModified":"2022-09-10T10:37:11+00:00","breadcrumb":{"@id":"https:\/\/www.citroen-klassiekers.nl\/de\/produkt\/citroen-2cv6-sondercoupe-von-1981\/#breadcrumb"},"inLanguage":"de","potentialAction":[{"@type":"ReadAction","target":["https:\/\/www.citroen-klassiekers.nl\/de\/produkt\/citroen-2cv6-sondercoupe-von-1981\/"]}]},{"@type":"ImageObject","inLanguage":"de","@id":"https:\/\/www.citroen-klassiekers.nl\/de\/produkt\/citroen-2cv6-sondercoupe-von-1981\/#primaryimage","url":"https:\/\/www.citroen-klassiekers.nl\/wp-content\/uploads\/2022\/09\/IMG_4214-2.jpg","contentUrl":"https:\/\/www.citroen-klassiekers.nl\/wp-content\/uploads\/2022\/09\/IMG_4214-2.jpg","width":1536,"height":1024},{"@type":"BreadcrumbList","@id":"https:\/\/www.citroen-klassiekers.nl\/de\/produkt\/citroen-2cv6-sondercoupe-von-1981\/#breadcrumb","itemListElement":[{"@type":"ListItem","position":1,"name":"Home","item":"https:\/\/www.citroen-klassiekers.nl\/de\/"},{"@type":"ListItem","position":2,"name":"Winkel","item":"https:\/\/www.citroen-klassiekers.nl\/de\/winkel\/"},{"@type":"ListItem","position":3,"name":"Citroen 2CV6 Sondercoup\u00e9 von 1981"}]},{"@type":"WebSite","@id":"https:\/\/www.citroen-klassiekers.nl\/de\/#website","url":"https:\/\/www.citroen-klassiekers.nl\/de\/","name":"Chateau deux chevaux Beesd","description":"","publisher":{"@id":"https:\/\/www.citroen-klassiekers.nl\/de\/#organization"},"potentialAction":[{"@type":"SearchAction","target":{"@type":"EntryPoint","urlTemplate":"https:\/\/www.citroen-klassiekers.nl\/de\/?s={search_term_string}"},"query-input":"required name=search_term_string"}],"inLanguage":"de"},{"@type":"Organization","@id":"https:\/\/www.citroen-klassiekers.nl\/de\/#organization","name":"Chateau Deux Chevaux","url":"https:\/\/www.citroen-klassiekers.nl\/de\/","logo":{"@type":"ImageObject","inLanguage":"de","@id":"https:\/\/www.citroen-klassiekers.nl\/de\/#\/schema\/logo\/image\/","url":"https:\/\/www.citroen-klassiekers.nl\/wp-content\/uploads\/2015\/11\/Logo-chateau-01-01.png","contentUrl":"https:\/\/www.citroen-klassiekers.nl\/wp-content\/uploads\/2015\/11\/Logo-chateau-01-01.png","width":2946,"height":1944,"caption":"Chateau Deux Chevaux"},"image":{"@id":"https:\/\/www.citroen-klassiekers.nl\/de\/#\/schema\/logo\/image\/"},"sameAs":["https:\/\/www.facebook.com\/Chateau-Deux-Chevaux-111854715599808\/","https:\/\/www.youtube.com\/user\/Citroenklassiekers"]}]}},"_links":{"self":[{"href":"https:\/\/www.citroen-klassiekers.nl\/de\/wp-json\/wp\/v2\/product\/14030","targetHints":{"allow":["GET"]}}],"collection":[{"href":"https:\/\/www.citroen-klassiekers.nl\/de\/wp-json\/wp\/v2\/product"}],"about":[{"href":"https:\/\/www.citroen-klassiekers.nl\/de\/wp-json\/wp\/v2\/types\/product"}],"wp:featuredmedia":[{"embeddable":true,"href":"https:\/\/www.citroen-klassiekers.nl\/de\/wp-json\/wp\/v2\/media\/13312"}],"wp:attachment":[{"href":"https:\/\/www.citroen-klassiekers.nl\/de\/wp-json\/wp\/v2\/media?parent=14030"}],"wp:term":[{"taxonomy":"product_cat","embeddable":true,"href":"https:\/\/www.citroen-klassiekers.nl\/de\/wp-json\/wp\/v2\/product_cat?post=14030"},{"taxonomy":"product_tag","embeddable":true,"href":"https:\/\/www.citroen-klassiekers.nl\/de\/wp-json\/wp\/v2\/product_tag?post=14030"}],"curies":[{"name":"wp","href":"https:\/\/api.w.org\/{rel}","templated":true}]}}