{"id":14386,"date":"2022-09-23T22:25:33","date_gmt":"2022-09-24T10:14:45","guid":{"rendered":"https:\/\/www.citroen-klassiekers.nl\/?post_type=product&#038;p=14386"},"modified":"2022-09-24T11:14:46","modified_gmt":"2022-09-24T10:14:46","slug":"citroen-2cv6-special-von-1985","status":"publish","type":"product","link":"https:\/\/www.citroen-klassiekers.nl\/de\/produkt\/citroen-2cv6-special-von-1985\/","title":{"rendered":"Citroen 2cv6 Special von 1985"},"content":{"rendered":"","protected":false},"excerpt":{"rendered":"<p>Citroen 2cv6 Special von 1985<\/p>\n<p>Baujahr: 1985<\/p>\n<p>Kilometerstand ungef\u00e4hr: 15481<\/p>\n<p>Farbe: AC 446\/EKB Rouge Vallelunga<\/p>\n<p>Es ist mit einem Radio ausgestattet, um w\u00e4hrend der Fahrt die wunderbaren franz\u00f6sischen Chansons zu h\u00f6ren, es ist auch mit einem neuen Z\u00fcndschloss ausgestattet. Schl\u00fcssel umdrehen und los!<\/p>\n<p>Vor zwei Jahren hatte er: ein neues Dach, neue Reifen, eine neue Zapfs\u00e4ule und neue Heizungsschl\u00e4uche.<\/p>\n<p>Machen Sie eine Probefahrt und erleben Sie seine Flexibilit\u00e4t, Sie werden Freunde f\u00fcrs Leben!<\/p>\n<p>Bei der Lieferung wird es mit einem frischen T\u00dcV und einem neuen Dach versehen.<\/p>\n<p>Und das f\u00fcr nur \u20ac9750.-<\/p>\n","protected":false},"featured_media":14251,"template":"","meta":[],"product_cat":[],"product_tag":[],"class_list":{"0":"post-14386","1":"product","2":"type-product","3":"status-publish","4":"has-post-thumbnail","7":"first","8":"instock","9":"shipping-taxable","10":"purchasable","11":"product-type-simple"},"yoast_head":"<!-- This site is optimized with the Yoast SEO plugin v23.1 - https:\/\/yoast.com\/wordpress\/plugins\/seo\/ -->\n<title>Citroen 2cv6 Special von 1985 - Chateau deux chevaux Beesd<\/title>\n<meta name=\"robots\" content=\"index, follow, max-snippet:-1, max-image-preview:large, max-video-preview:-1\" \/>\n<link rel=\"canonical\" href=\"https:\/\/www.citroen-klassiekers.nl\/de\/produkt\/citroen-2cv6-special-von-1985\/\" \/>\n<meta property=\"og:locale\" content=\"de_DE\" \/>\n<meta property=\"og:type\" content=\"article\" \/>\n<meta property=\"og:title\" content=\"Citroen 2cv6 Special von 1985 - Chateau deux chevaux Beesd\" \/>\n<meta property=\"og:description\" content=\"Citroen 2cv6 Special von 1985  Baujahr: 1985  Kilometerstand ungef\u00e4hr: 15481  Farbe: AC 446\/EKB Rouge Vallelunga  Es ist mit einem Radio ausgestattet, um w\u00e4hrend der Fahrt die wunderbaren franz\u00f6sischen Chansons zu h\u00f6ren, es ist auch mit einem neuen Z\u00fcndschloss ausgestattet. Schl\u00fcssel umdrehen und los!  Vor zwei Jahren hatte er: ein neues Dach, neue Reifen, eine neue Zapfs\u00e4ule und neue Heizungsschl\u00e4uche.  Machen Sie eine Probefahrt und erleben Sie seine Flexibilit\u00e4t, Sie werden Freunde f\u00fcrs Leben!  Bei der Lieferung wird es mit einem frischen T\u00dcV und einem neuen Dach versehen.  Und das f\u00fcr nur \u20ac9750.-\" \/>\n<meta property=\"og:url\" content=\"https:\/\/www.citroen-klassiekers.nl\/de\/produkt\/citroen-2cv6-special-von-1985\/\" \/>\n<meta property=\"og:site_name\" content=\"Chateau deux chevaux Beesd\" \/>\n<meta property=\"article:publisher\" content=\"https:\/\/www.facebook.com\/Chateau-Deux-Chevaux-111854715599808\/\" \/>\n<meta property=\"article:modified_time\" content=\"2022-09-24T10:14:46+00:00\" \/>\n<meta property=\"og:image\" content=\"https:\/\/www.citroen-klassiekers.nl\/wp-content\/uploads\/2022\/09\/20220923_114205.jpg\" \/>\n\t<meta property=\"og:image:width\" content=\"1672\" \/>\n\t<meta property=\"og:image:height\" content=\"1254\" \/>\n\t<meta property=\"og:image:type\" content=\"image\/jpeg\" \/>\n<meta name=\"twitter:card\" content=\"summary_large_image\" \/>\n<script type=\"application\/ld+json\" class=\"yoast-schema-graph\">{\"@context\":\"https:\/\/schema.org\",\"@graph\":[{\"@type\":\"WebPage\",\"@id\":\"https:\/\/www.citroen-klassiekers.nl\/de\/produkt\/citroen-2cv6-special-von-1985\/\",\"url\":\"https:\/\/www.citroen-klassiekers.nl\/de\/produkt\/citroen-2cv6-special-von-1985\/\",\"name\":\"Citroen 2cv6 Special von 1985 - Chateau deux chevaux Beesd\",\"isPartOf\":{\"@id\":\"https:\/\/www.citroen-klassiekers.nl\/de\/#website\"},\"primaryImageOfPage\":{\"@id\":\"https:\/\/www.citroen-klassiekers.nl\/de\/produkt\/citroen-2cv6-special-von-1985\/#primaryimage\"},\"image\":{\"@id\":\"https:\/\/www.citroen-klassiekers.nl\/de\/produkt\/citroen-2cv6-special-von-1985\/#primaryimage\"},\"thumbnailUrl\":\"https:\/\/www.citroen-klassiekers.nl\/wp-content\/uploads\/2022\/09\/20220923_114205.jpg\",\"datePublished\":\"2022-09-24T10:14:45+00:00\",\"dateModified\":\"2022-09-24T10:14:46+00:00\",\"breadcrumb\":{\"@id\":\"https:\/\/www.citroen-klassiekers.nl\/de\/produkt\/citroen-2cv6-special-von-1985\/#breadcrumb\"},\"inLanguage\":\"de\",\"potentialAction\":[{\"@type\":\"ReadAction\",\"target\":[\"https:\/\/www.citroen-klassiekers.nl\/de\/produkt\/citroen-2cv6-special-von-1985\/\"]}]},{\"@type\":\"ImageObject\",\"inLanguage\":\"de\",\"@id\":\"https:\/\/www.citroen-klassiekers.nl\/de\/produkt\/citroen-2cv6-special-von-1985\/#primaryimage\",\"url\":\"https:\/\/www.citroen-klassiekers.nl\/wp-content\/uploads\/2022\/09\/20220923_114205.jpg\",\"contentUrl\":\"https:\/\/www.citroen-klassiekers.nl\/wp-content\/uploads\/2022\/09\/20220923_114205.jpg\",\"width\":1672,\"height\":1254},{\"@type\":\"BreadcrumbList\",\"@id\":\"https:\/\/www.citroen-klassiekers.nl\/de\/produkt\/citroen-2cv6-special-von-1985\/#breadcrumb\",\"itemListElement\":[{\"@type\":\"ListItem\",\"position\":1,\"name\":\"Home\",\"item\":\"https:\/\/www.citroen-klassiekers.nl\/de\/\"},{\"@type\":\"ListItem\",\"position\":2,\"name\":\"Winkel\",\"item\":\"https:\/\/www.citroen-klassiekers.nl\/de\/winkel\/\"},{\"@type\":\"ListItem\",\"position\":3,\"name\":\"Citroen 2cv6 Special von 1985\"}]},{\"@type\":\"WebSite\",\"@id\":\"https:\/\/www.citroen-klassiekers.nl\/de\/#website\",\"url\":\"https:\/\/www.citroen-klassiekers.nl\/de\/\",\"name\":\"Chateau deux chevaux Beesd\",\"description\":\"\",\"publisher\":{\"@id\":\"https:\/\/www.citroen-klassiekers.nl\/de\/#organization\"},\"potentialAction\":[{\"@type\":\"SearchAction\",\"target\":{\"@type\":\"EntryPoint\",\"urlTemplate\":\"https:\/\/www.citroen-klassiekers.nl\/de\/?s={search_term_string}\"},\"query-input\":\"required name=search_term_string\"}],\"inLanguage\":\"de\"},{\"@type\":\"Organization\",\"@id\":\"https:\/\/www.citroen-klassiekers.nl\/de\/#organization\",\"name\":\"Chateau Deux Chevaux\",\"url\":\"https:\/\/www.citroen-klassiekers.nl\/de\/\",\"logo\":{\"@type\":\"ImageObject\",\"inLanguage\":\"de\",\"@id\":\"https:\/\/www.citroen-klassiekers.nl\/de\/#\/schema\/logo\/image\/\",\"url\":\"https:\/\/www.citroen-klassiekers.nl\/wp-content\/uploads\/2015\/11\/Logo-chateau-01-01.png\",\"contentUrl\":\"https:\/\/www.citroen-klassiekers.nl\/wp-content\/uploads\/2015\/11\/Logo-chateau-01-01.png\",\"width\":2946,\"height\":1944,\"caption\":\"Chateau Deux Chevaux\"},\"image\":{\"@id\":\"https:\/\/www.citroen-klassiekers.nl\/de\/#\/schema\/logo\/image\/\"},\"sameAs\":[\"https:\/\/www.facebook.com\/Chateau-Deux-Chevaux-111854715599808\/\",\"https:\/\/www.youtube.com\/user\/Citroenklassiekers\"]}]}<\/script>\n<!-- \/ Yoast SEO plugin. -->","yoast_head_json":{"title":"Citroen 2cv6 Special von 1985 - Chateau deux chevaux Beesd","robots":{"index":"index","follow":"follow","max-snippet":"max-snippet:-1","max-image-preview":"max-image-preview:large","max-video-preview":"max-video-preview:-1"},"canonical":"https:\/\/www.citroen-klassiekers.nl\/de\/produkt\/citroen-2cv6-special-von-1985\/","og_locale":"de_DE","og_type":"article","og_title":"Citroen 2cv6 Special von 1985 - Chateau deux chevaux Beesd","og_description":"Citroen 2cv6 Special von 1985  Baujahr: 1985  Kilometerstand ungef\u00e4hr: 15481  Farbe: AC 446\/EKB Rouge Vallelunga  Es ist mit einem Radio ausgestattet, um w\u00e4hrend der Fahrt die wunderbaren franz\u00f6sischen Chansons zu h\u00f6ren, es ist auch mit einem neuen Z\u00fcndschloss ausgestattet. Schl\u00fcssel umdrehen und los!  Vor zwei Jahren hatte er: ein neues Dach, neue Reifen, eine neue Zapfs\u00e4ule und neue Heizungsschl\u00e4uche.  Machen Sie eine Probefahrt und erleben Sie seine Flexibilit\u00e4t, Sie werden Freunde f\u00fcrs Leben!  Bei der Lieferung wird es mit einem frischen T\u00dcV und einem neuen Dach versehen.  Und das f\u00fcr nur \u20ac9750.-","og_url":"https:\/\/www.citroen-klassiekers.nl\/de\/produkt\/citroen-2cv6-special-von-1985\/","og_site_name":"Chateau deux chevaux Beesd","article_publisher":"https:\/\/www.facebook.com\/Chateau-Deux-Chevaux-111854715599808\/","article_modified_time":"2022-09-24T10:14:46+00:00","og_image":[{"width":1672,"height":1254,"url":"https:\/\/www.citroen-klassiekers.nl\/wp-content\/uploads\/2022\/09\/20220923_114205.jpg","type":"image\/jpeg"}],"twitter_card":"summary_large_image","schema":{"@context":"https:\/\/schema.org","@graph":[{"@type":"WebPage","@id":"https:\/\/www.citroen-klassiekers.nl\/de\/produkt\/citroen-2cv6-special-von-1985\/","url":"https:\/\/www.citroen-klassiekers.nl\/de\/produkt\/citroen-2cv6-special-von-1985\/","name":"Citroen 2cv6 Special von 1985 - Chateau deux chevaux Beesd","isPartOf":{"@id":"https:\/\/www.citroen-klassiekers.nl\/de\/#website"},"primaryImageOfPage":{"@id":"https:\/\/www.citroen-klassiekers.nl\/de\/produkt\/citroen-2cv6-special-von-1985\/#primaryimage"},"image":{"@id":"https:\/\/www.citroen-klassiekers.nl\/de\/produkt\/citroen-2cv6-special-von-1985\/#primaryimage"},"thumbnailUrl":"https:\/\/www.citroen-klassiekers.nl\/wp-content\/uploads\/2022\/09\/20220923_114205.jpg","datePublished":"2022-09-24T10:14:45+00:00","dateModified":"2022-09-24T10:14:46+00:00","breadcrumb":{"@id":"https:\/\/www.citroen-klassiekers.nl\/de\/produkt\/citroen-2cv6-special-von-1985\/#breadcrumb"},"inLanguage":"de","potentialAction":[{"@type":"ReadAction","target":["https:\/\/www.citroen-klassiekers.nl\/de\/produkt\/citroen-2cv6-special-von-1985\/"]}]},{"@type":"ImageObject","inLanguage":"de","@id":"https:\/\/www.citroen-klassiekers.nl\/de\/produkt\/citroen-2cv6-special-von-1985\/#primaryimage","url":"https:\/\/www.citroen-klassiekers.nl\/wp-content\/uploads\/2022\/09\/20220923_114205.jpg","contentUrl":"https:\/\/www.citroen-klassiekers.nl\/wp-content\/uploads\/2022\/09\/20220923_114205.jpg","width":1672,"height":1254},{"@type":"BreadcrumbList","@id":"https:\/\/www.citroen-klassiekers.nl\/de\/produkt\/citroen-2cv6-special-von-1985\/#breadcrumb","itemListElement":[{"@type":"ListItem","position":1,"name":"Home","item":"https:\/\/www.citroen-klassiekers.nl\/de\/"},{"@type":"ListItem","position":2,"name":"Winkel","item":"https:\/\/www.citroen-klassiekers.nl\/de\/winkel\/"},{"@type":"ListItem","position":3,"name":"Citroen 2cv6 Special von 1985"}]},{"@type":"WebSite","@id":"https:\/\/www.citroen-klassiekers.nl\/de\/#website","url":"https:\/\/www.citroen-klassiekers.nl\/de\/","name":"Chateau deux chevaux Beesd","description":"","publisher":{"@id":"https:\/\/www.citroen-klassiekers.nl\/de\/#organization"},"potentialAction":[{"@type":"SearchAction","target":{"@type":"EntryPoint","urlTemplate":"https:\/\/www.citroen-klassiekers.nl\/de\/?s={search_term_string}"},"query-input":"required name=search_term_string"}],"inLanguage":"de"},{"@type":"Organization","@id":"https:\/\/www.citroen-klassiekers.nl\/de\/#organization","name":"Chateau Deux Chevaux","url":"https:\/\/www.citroen-klassiekers.nl\/de\/","logo":{"@type":"ImageObject","inLanguage":"de","@id":"https:\/\/www.citroen-klassiekers.nl\/de\/#\/schema\/logo\/image\/","url":"https:\/\/www.citroen-klassiekers.nl\/wp-content\/uploads\/2015\/11\/Logo-chateau-01-01.png","contentUrl":"https:\/\/www.citroen-klassiekers.nl\/wp-content\/uploads\/2015\/11\/Logo-chateau-01-01.png","width":2946,"height":1944,"caption":"Chateau Deux Chevaux"},"image":{"@id":"https:\/\/www.citroen-klassiekers.nl\/de\/#\/schema\/logo\/image\/"},"sameAs":["https:\/\/www.facebook.com\/Chateau-Deux-Chevaux-111854715599808\/","https:\/\/www.youtube.com\/user\/Citroenklassiekers"]}]}},"_links":{"self":[{"href":"https:\/\/www.citroen-klassiekers.nl\/de\/wp-json\/wp\/v2\/product\/14386","targetHints":{"allow":["GET"]}}],"collection":[{"href":"https:\/\/www.citroen-klassiekers.nl\/de\/wp-json\/wp\/v2\/product"}],"about":[{"href":"https:\/\/www.citroen-klassiekers.nl\/de\/wp-json\/wp\/v2\/types\/product"}],"wp:featuredmedia":[{"embeddable":true,"href":"https:\/\/www.citroen-klassiekers.nl\/de\/wp-json\/wp\/v2\/media\/14251"}],"wp:attachment":[{"href":"https:\/\/www.citroen-klassiekers.nl\/de\/wp-json\/wp\/v2\/media?parent=14386"}],"wp:term":[{"taxonomy":"product_cat","embeddable":true,"href":"https:\/\/www.citroen-klassiekers.nl\/de\/wp-json\/wp\/v2\/product_cat?post=14386"},{"taxonomy":"product_tag","embeddable":true,"href":"https:\/\/www.citroen-klassiekers.nl\/de\/wp-json\/wp\/v2\/product_tag?post=14386"}],"curies":[{"name":"wp","href":"https:\/\/api.w.org\/{rel}","templated":true}]}}