{"id":10681,"date":"2020-10-18T20:56:01","date_gmt":"2020-10-19T10:02:45","guid":{"rendered":"https:\/\/www.citroen-klassiekers.nl\/?post_type=product&#038;p=10681"},"modified":"2020-10-19T11:35:43","modified_gmt":"2020-10-19T10:35:43","slug":"citroen-2cv6-club-2","status":"publish","type":"product","link":"https:\/\/www.citroen-klassiekers.nl\/fr\/produit\/citroen-2cv6-club-2\/","title":{"rendered":"Citro\u00ebn 2cv6 Club 1972"},"content":{"rendered":"<p>Citro\u00ebn 2cv6 Club<br \/>\nAnn\u00e9e de production: 1972<br \/>\nKilom\u00e9trage:         54012<br \/>\nCouleur:<\/p>\n<p>C&rsquo;est avec grand plaisir que nous avons repris ce canard en 2016, alors qu&rsquo;il venait de France.<br \/>\nIl est tr\u00e8s original avec quelques traces d&rsquo;usure, mais cela en fait partie.<br \/>\nEn 2016, nous avons fait beaucoup pour r\u00e9ussir l&rsquo;inspection.<br \/>\n\u00c0 savoir:<br \/>\n&#8211; Nouvelles plaques de plancher et repose-pieds soud\u00e9s<br \/>\n&#8211; Il voulait un grand virage<br \/>\n&#8211; Un nouveau toit<br \/>\n&#8211; Nouveaux freins tout autour<br \/>\n&#8211; Nouveau rev\u00eatement de canap\u00e9<br \/>\n&#8211; Des pneus neufs<br \/>\n&#8211; Un nouvel \u00e9chappement n&rsquo;\u00e9tait pas un luxe<br \/>\n&#8211; Et un allumage \u00e9lectronique 123 \u00e9tait \u00e9galement agr\u00e9able<br \/>\nCette belle 2cv des ann\u00e9es 1970 \u00e9tait alors simplement utilis\u00e9e et bien entretenue.<br \/>\nUn nouveau MOT a r\u00e9cemment \u00e9t\u00e9 introduit<br \/>\nNous avons install\u00e9 un nouveau r\u00e9gulateur de tension, une nouvelle batterie et nous lui avons donn\u00e9 un nouveau virage majeur.<br \/>\nLe CT est toujours valable jusqu&rsquo;au 04\/03\/2022<br \/>\nN&rsquo;h\u00e9sitez pas \u00e0 venir faire un essai routier et \u00e0 d\u00e9couvrir sa flexibilit\u00e9, vous deviendrez des amis pour la vie!<br \/>\nTel. 0031345-681454<br \/>\nPrix \u200b\u200b\u20ac 12500, &#8211;<\/p>\n","protected":false},"excerpt":{"rendered":"<p>Citro\u00ebn 2cv6 Club<br \/>\nAnn\u00e9e de production: 1972<br \/>\nKilom\u00e9trage:         54012<br \/>\nCouleur:<\/p>\n<p>C&rsquo;est avec grand plaisir que nous avons repris ce canard en 2016, alors qu&rsquo;il venait de France.<br \/>\nIl est tr\u00e8s original avec quelques traces d&rsquo;usure, mais cela en fait partie.<br \/>\nEn 2016, nous avons fait beaucoup pour r\u00e9ussir l&rsquo;inspection.<br \/>\n\u00c0 savoir:<br \/>\n&#8211; Nouvelles plaques de plancher et repose-pieds soud\u00e9s<br \/>\n&#8211; Il voulait un grand virage<br \/>\n&#8211; Un nouveau toit<br \/>\n&#8211; Nouveaux freins tout autour<br \/>\n&#8211; Nouveau rev\u00eatement de canap\u00e9<br \/>\n&#8211; Des pneus neufs<br \/>\n&#8211; Un nouvel \u00e9chappement n&rsquo;\u00e9tait pas un luxe<br \/>\n&#8211; Et un allumage \u00e9lectronique 123 \u00e9tait \u00e9galement agr\u00e9able<br \/>\nCette belle 2cv des ann\u00e9es 1970 \u00e9tait alors simplement utilis\u00e9e et bien entretenue.<br \/>\nUn nouveau MOT a r\u00e9cemment \u00e9t\u00e9 introduit<br \/>\nNous avons install\u00e9 un nouveau r\u00e9gulateur de tension, une nouvelle batterie et nous lui avons donn\u00e9 un nouveau virage majeur.<br \/>\nLe CT est toujours valable jusqu&rsquo;au 04\/03\/2022<br \/>\nN&rsquo;h\u00e9sitez pas \u00e0 venir faire un essai routier et \u00e0 d\u00e9couvrir sa flexibilit\u00e9, vous deviendrez des amis pour la vie!<br \/>\nTel. 0031345-681454<br \/>\nPrix \u200b\u200b\u20ac 12500, &#8211;<\/p>\n","protected":false},"featured_media":10595,"template":"","meta":[],"product_cat":[345],"product_tag":[],"class_list":{"0":"post-10681","1":"product","2":"type-product","3":"status-publish","4":"has-post-thumbnail","6":"product_cat-voitures-vendues","8":"first","9":"instock","10":"shipping-taxable","11":"product-type-simple"},"yoast_head":"<!-- This site is optimized with the Yoast SEO plugin v23.1 - https:\/\/yoast.com\/wordpress\/plugins\/seo\/ -->\n<title>Citro\u00ebn 2cv6 Club 1972 - Chateau deux chevaux Beesd<\/title>\n<meta name=\"robots\" content=\"index, follow, max-snippet:-1, max-image-preview:large, max-video-preview:-1\" \/>\n<link rel=\"canonical\" href=\"https:\/\/www.citroen-klassiekers.nl\/fr\/produit\/citroen-2cv6-club-2\/\" \/>\n<meta property=\"og:locale\" content=\"fr_FR\" \/>\n<meta property=\"og:type\" content=\"article\" \/>\n<meta property=\"og:title\" content=\"Citro\u00ebn 2cv6 Club 1972 - Chateau deux chevaux Beesd\" \/>\n<meta property=\"og:description\" content=\"Citro\u00ebn 2cv6 Club Ann\u00e9e de production: 1972 Kilom\u00e9trage:     54012 Couleur:  C&#039;est avec grand plaisir que nous avons repris ce canard en 2016, alors qu&#039;il venait de France. Il est tr\u00e8s original avec quelques traces d&#039;usure, mais cela en fait partie. En 2016, nous avons fait beaucoup pour r\u00e9ussir l&#039;inspection. \u00c0 savoir: - Nouvelles plaques de plancher et repose-pieds soud\u00e9s - Il voulait un grand virage - Un nouveau toit - Nouveaux freins tout autour - Nouveau rev\u00eatement de canap\u00e9 - Des pneus neufs - Un nouvel \u00e9chappement n&#039;\u00e9tait pas un luxe - Et un allumage \u00e9lectronique 123 \u00e9tait \u00e9galement agr\u00e9able Cette belle 2cv des ann\u00e9es 1970 \u00e9tait alors simplement utilis\u00e9e et bien entretenue. Un nouveau MOT a r\u00e9cemment \u00e9t\u00e9 introduit Nous avons install\u00e9 un nouveau r\u00e9gulateur de tension, une nouvelle batterie et nous lui avons donn\u00e9 un nouveau virage majeur. Le CT est toujours valable jusqu&#039;au 04\/03\/2022  N&#039;h\u00e9sitez pas \u00e0 venir faire un essai routier et \u00e0 d\u00e9couvrir sa flexibilit\u00e9, vous deviendrez des amis pour la vie! Tel. 0031345-681454 Prix \u200b\u200b\u20ac 12500, -\" \/>\n<meta property=\"og:url\" content=\"https:\/\/www.citroen-klassiekers.nl\/fr\/produit\/citroen-2cv6-club-2\/\" \/>\n<meta property=\"og:site_name\" content=\"Chateau deux chevaux Beesd\" \/>\n<meta property=\"article:publisher\" content=\"https:\/\/www.facebook.com\/Chateau-Deux-Chevaux-111854715599808\/\" \/>\n<meta property=\"article:modified_time\" content=\"2020-10-19T10:35:43+00:00\" \/>\n<meta property=\"og:image\" content=\"https:\/\/www.citroen-klassiekers.nl\/wp-content\/uploads\/2020\/10\/20201010_112640.jpg\" \/>\n\t<meta property=\"og:image:width\" content=\"1632\" \/>\n\t<meta property=\"og:image:height\" content=\"1224\" \/>\n\t<meta property=\"og:image:type\" content=\"image\/jpeg\" \/>\n<meta name=\"twitter:card\" content=\"summary_large_image\" \/>\n<meta name=\"twitter:label1\" content=\"Dur\u00e9e de lecture estim\u00e9e\" \/>\n\t<meta name=\"twitter:data1\" content=\"1 minute\" \/>\n<script type=\"application\/ld+json\" class=\"yoast-schema-graph\">{\"@context\":\"https:\/\/schema.org\",\"@graph\":[{\"@type\":\"WebPage\",\"@id\":\"https:\/\/www.citroen-klassiekers.nl\/fr\/produit\/citroen-2cv6-club-2\/\",\"url\":\"https:\/\/www.citroen-klassiekers.nl\/fr\/produit\/citroen-2cv6-club-2\/\",\"name\":\"Citro\u00ebn 2cv6 Club 1972 - Chateau deux chevaux Beesd\",\"isPartOf\":{\"@id\":\"https:\/\/www.citroen-klassiekers.nl\/de\/#website\"},\"primaryImageOfPage\":{\"@id\":\"https:\/\/www.citroen-klassiekers.nl\/fr\/produit\/citroen-2cv6-club-2\/#primaryimage\"},\"image\":{\"@id\":\"https:\/\/www.citroen-klassiekers.nl\/fr\/produit\/citroen-2cv6-club-2\/#primaryimage\"},\"thumbnailUrl\":\"https:\/\/www.citroen-klassiekers.nl\/wp-content\/uploads\/2020\/10\/20201010_112640.jpg\",\"datePublished\":\"2020-10-19T10:02:45+00:00\",\"dateModified\":\"2020-10-19T10:35:43+00:00\",\"breadcrumb\":{\"@id\":\"https:\/\/www.citroen-klassiekers.nl\/fr\/produit\/citroen-2cv6-club-2\/#breadcrumb\"},\"inLanguage\":\"fr-FR\",\"potentialAction\":[{\"@type\":\"ReadAction\",\"target\":[\"https:\/\/www.citroen-klassiekers.nl\/fr\/produit\/citroen-2cv6-club-2\/\"]}]},{\"@type\":\"ImageObject\",\"inLanguage\":\"fr-FR\",\"@id\":\"https:\/\/www.citroen-klassiekers.nl\/fr\/produit\/citroen-2cv6-club-2\/#primaryimage\",\"url\":\"https:\/\/www.citroen-klassiekers.nl\/wp-content\/uploads\/2020\/10\/20201010_112640.jpg\",\"contentUrl\":\"https:\/\/www.citroen-klassiekers.nl\/wp-content\/uploads\/2020\/10\/20201010_112640.jpg\",\"width\":1632,\"height\":1224},{\"@type\":\"BreadcrumbList\",\"@id\":\"https:\/\/www.citroen-klassiekers.nl\/fr\/produit\/citroen-2cv6-club-2\/#breadcrumb\",\"itemListElement\":[{\"@type\":\"ListItem\",\"position\":1,\"name\":\"Home\",\"item\":\"https:\/\/www.citroen-klassiekers.nl\/fr\/\"},{\"@type\":\"ListItem\",\"position\":2,\"name\":\"Boutique\",\"item\":\"https:\/\/www.citroen-klassiekers.nl\/fr\/boutique\/\"},{\"@type\":\"ListItem\",\"position\":3,\"name\":\"Citro\u00ebn 2cv6 Club 1972\"}]},{\"@type\":\"WebSite\",\"@id\":\"https:\/\/www.citroen-klassiekers.nl\/de\/#website\",\"url\":\"https:\/\/www.citroen-klassiekers.nl\/de\/\",\"name\":\"Chateau deux chevaux Beesd\",\"description\":\"\",\"publisher\":{\"@id\":\"https:\/\/www.citroen-klassiekers.nl\/de\/#organization\"},\"potentialAction\":[{\"@type\":\"SearchAction\",\"target\":{\"@type\":\"EntryPoint\",\"urlTemplate\":\"https:\/\/www.citroen-klassiekers.nl\/de\/?s={search_term_string}\"},\"query-input\":\"required name=search_term_string\"}],\"inLanguage\":\"fr-FR\"},{\"@type\":\"Organization\",\"@id\":\"https:\/\/www.citroen-klassiekers.nl\/de\/#organization\",\"name\":\"Chateau Deux Chevaux\",\"url\":\"https:\/\/www.citroen-klassiekers.nl\/de\/\",\"logo\":{\"@type\":\"ImageObject\",\"inLanguage\":\"fr-FR\",\"@id\":\"https:\/\/www.citroen-klassiekers.nl\/de\/#\/schema\/logo\/image\/\",\"url\":\"https:\/\/www.citroen-klassiekers.nl\/wp-content\/uploads\/2015\/11\/Logo-chateau-01-01.png\",\"contentUrl\":\"https:\/\/www.citroen-klassiekers.nl\/wp-content\/uploads\/2015\/11\/Logo-chateau-01-01.png\",\"width\":2946,\"height\":1944,\"caption\":\"Chateau Deux Chevaux\"},\"image\":{\"@id\":\"https:\/\/www.citroen-klassiekers.nl\/de\/#\/schema\/logo\/image\/\"},\"sameAs\":[\"https:\/\/www.facebook.com\/Chateau-Deux-Chevaux-111854715599808\/\",\"https:\/\/www.youtube.com\/user\/Citroenklassiekers\"]}]}<\/script>\n<!-- \/ Yoast SEO plugin. -->","yoast_head_json":{"title":"Citro\u00ebn 2cv6 Club 1972 - Chateau deux chevaux Beesd","robots":{"index":"index","follow":"follow","max-snippet":"max-snippet:-1","max-image-preview":"max-image-preview:large","max-video-preview":"max-video-preview:-1"},"canonical":"https:\/\/www.citroen-klassiekers.nl\/fr\/produit\/citroen-2cv6-club-2\/","og_locale":"fr_FR","og_type":"article","og_title":"Citro\u00ebn 2cv6 Club 1972 - Chateau deux chevaux Beesd","og_description":"Citro\u00ebn 2cv6 Club Ann\u00e9e de production: 1972 Kilom\u00e9trage:     54012 Couleur:  C'est avec grand plaisir que nous avons repris ce canard en 2016, alors qu'il venait de France. Il est tr\u00e8s original avec quelques traces d'usure, mais cela en fait partie. En 2016, nous avons fait beaucoup pour r\u00e9ussir l'inspection. \u00c0 savoir: - Nouvelles plaques de plancher et repose-pieds soud\u00e9s - Il voulait un grand virage - Un nouveau toit - Nouveaux freins tout autour - Nouveau rev\u00eatement de canap\u00e9 - Des pneus neufs - Un nouvel \u00e9chappement n'\u00e9tait pas un luxe - Et un allumage \u00e9lectronique 123 \u00e9tait \u00e9galement agr\u00e9able Cette belle 2cv des ann\u00e9es 1970 \u00e9tait alors simplement utilis\u00e9e et bien entretenue. Un nouveau MOT a r\u00e9cemment \u00e9t\u00e9 introduit Nous avons install\u00e9 un nouveau r\u00e9gulateur de tension, une nouvelle batterie et nous lui avons donn\u00e9 un nouveau virage majeur. Le CT est toujours valable jusqu'au 04\/03\/2022  N'h\u00e9sitez pas \u00e0 venir faire un essai routier et \u00e0 d\u00e9couvrir sa flexibilit\u00e9, vous deviendrez des amis pour la vie! Tel. 0031345-681454 Prix \u200b\u200b\u20ac 12500, -","og_url":"https:\/\/www.citroen-klassiekers.nl\/fr\/produit\/citroen-2cv6-club-2\/","og_site_name":"Chateau deux chevaux Beesd","article_publisher":"https:\/\/www.facebook.com\/Chateau-Deux-Chevaux-111854715599808\/","article_modified_time":"2020-10-19T10:35:43+00:00","og_image":[{"width":1632,"height":1224,"url":"https:\/\/www.citroen-klassiekers.nl\/wp-content\/uploads\/2020\/10\/20201010_112640.jpg","type":"image\/jpeg"}],"twitter_card":"summary_large_image","twitter_misc":{"Dur\u00e9e de lecture estim\u00e9e":"1 minute"},"schema":{"@context":"https:\/\/schema.org","@graph":[{"@type":"WebPage","@id":"https:\/\/www.citroen-klassiekers.nl\/fr\/produit\/citroen-2cv6-club-2\/","url":"https:\/\/www.citroen-klassiekers.nl\/fr\/produit\/citroen-2cv6-club-2\/","name":"Citro\u00ebn 2cv6 Club 1972 - Chateau deux chevaux Beesd","isPartOf":{"@id":"https:\/\/www.citroen-klassiekers.nl\/de\/#website"},"primaryImageOfPage":{"@id":"https:\/\/www.citroen-klassiekers.nl\/fr\/produit\/citroen-2cv6-club-2\/#primaryimage"},"image":{"@id":"https:\/\/www.citroen-klassiekers.nl\/fr\/produit\/citroen-2cv6-club-2\/#primaryimage"},"thumbnailUrl":"https:\/\/www.citroen-klassiekers.nl\/wp-content\/uploads\/2020\/10\/20201010_112640.jpg","datePublished":"2020-10-19T10:02:45+00:00","dateModified":"2020-10-19T10:35:43+00:00","breadcrumb":{"@id":"https:\/\/www.citroen-klassiekers.nl\/fr\/produit\/citroen-2cv6-club-2\/#breadcrumb"},"inLanguage":"fr-FR","potentialAction":[{"@type":"ReadAction","target":["https:\/\/www.citroen-klassiekers.nl\/fr\/produit\/citroen-2cv6-club-2\/"]}]},{"@type":"ImageObject","inLanguage":"fr-FR","@id":"https:\/\/www.citroen-klassiekers.nl\/fr\/produit\/citroen-2cv6-club-2\/#primaryimage","url":"https:\/\/www.citroen-klassiekers.nl\/wp-content\/uploads\/2020\/10\/20201010_112640.jpg","contentUrl":"https:\/\/www.citroen-klassiekers.nl\/wp-content\/uploads\/2020\/10\/20201010_112640.jpg","width":1632,"height":1224},{"@type":"BreadcrumbList","@id":"https:\/\/www.citroen-klassiekers.nl\/fr\/produit\/citroen-2cv6-club-2\/#breadcrumb","itemListElement":[{"@type":"ListItem","position":1,"name":"Home","item":"https:\/\/www.citroen-klassiekers.nl\/fr\/"},{"@type":"ListItem","position":2,"name":"Boutique","item":"https:\/\/www.citroen-klassiekers.nl\/fr\/boutique\/"},{"@type":"ListItem","position":3,"name":"Citro\u00ebn 2cv6 Club 1972"}]},{"@type":"WebSite","@id":"https:\/\/www.citroen-klassiekers.nl\/de\/#website","url":"https:\/\/www.citroen-klassiekers.nl\/de\/","name":"Chateau deux chevaux Beesd","description":"","publisher":{"@id":"https:\/\/www.citroen-klassiekers.nl\/de\/#organization"},"potentialAction":[{"@type":"SearchAction","target":{"@type":"EntryPoint","urlTemplate":"https:\/\/www.citroen-klassiekers.nl\/de\/?s={search_term_string}"},"query-input":"required name=search_term_string"}],"inLanguage":"fr-FR"},{"@type":"Organization","@id":"https:\/\/www.citroen-klassiekers.nl\/de\/#organization","name":"Chateau Deux Chevaux","url":"https:\/\/www.citroen-klassiekers.nl\/de\/","logo":{"@type":"ImageObject","inLanguage":"fr-FR","@id":"https:\/\/www.citroen-klassiekers.nl\/de\/#\/schema\/logo\/image\/","url":"https:\/\/www.citroen-klassiekers.nl\/wp-content\/uploads\/2015\/11\/Logo-chateau-01-01.png","contentUrl":"https:\/\/www.citroen-klassiekers.nl\/wp-content\/uploads\/2015\/11\/Logo-chateau-01-01.png","width":2946,"height":1944,"caption":"Chateau Deux Chevaux"},"image":{"@id":"https:\/\/www.citroen-klassiekers.nl\/de\/#\/schema\/logo\/image\/"},"sameAs":["https:\/\/www.facebook.com\/Chateau-Deux-Chevaux-111854715599808\/","https:\/\/www.youtube.com\/user\/Citroenklassiekers"]}]}},"_links":{"self":[{"href":"https:\/\/www.citroen-klassiekers.nl\/fr\/wp-json\/wp\/v2\/product\/10681","targetHints":{"allow":["GET"]}}],"collection":[{"href":"https:\/\/www.citroen-klassiekers.nl\/fr\/wp-json\/wp\/v2\/product"}],"about":[{"href":"https:\/\/www.citroen-klassiekers.nl\/fr\/wp-json\/wp\/v2\/types\/product"}],"wp:featuredmedia":[{"embeddable":true,"href":"https:\/\/www.citroen-klassiekers.nl\/fr\/wp-json\/wp\/v2\/media\/10595"}],"wp:attachment":[{"href":"https:\/\/www.citroen-klassiekers.nl\/fr\/wp-json\/wp\/v2\/media?parent=10681"}],"wp:term":[{"taxonomy":"product_cat","embeddable":true,"href":"https:\/\/www.citroen-klassiekers.nl\/fr\/wp-json\/wp\/v2\/product_cat?post=10681"},{"taxonomy":"product_tag","embeddable":true,"href":"https:\/\/www.citroen-klassiekers.nl\/fr\/wp-json\/wp\/v2\/product_tag?post=10681"}],"curies":[{"name":"wp","href":"https:\/\/api.w.org\/{rel}","templated":true}]}}