{"id":10693,"date":"2020-10-18T20:47:33","date_gmt":"2020-10-19T10:17:02","guid":{"rendered":"https:\/\/www.citroen-klassiekers.nl\/?post_type=product&#038;p=10693"},"modified":"2020-10-19T11:44:53","modified_gmt":"2020-10-19T10:44:53","slug":"citroen-2cv6-club-1986-2","status":"publish","type":"product","link":"https:\/\/www.citroen-klassiekers.nl\/fr\/produit\/citroen-2cv6-club-1986-2\/","title":{"rendered":"Citro\u00ebn 2cv6 Club 1986"},"content":{"rendered":"<p>Citro\u00ebn 2cv6 Club<br \/>\nAnn\u00e9e de construction 1986<br \/>\nKilom\u00e9trage 95100<br \/>\nCouleur: AC 446 \/ EKB Rouge Vallelunga<\/p>\n<p>L&rsquo;ancien propri\u00e9taire (un Pietje exactement, ce qui doit aussi l&rsquo;\u00eatre si vous \u00eates apiculteur) a achet\u00e9 cette 2cv rouge soign\u00e9e chez nous il y a 17 ans et l&rsquo;a conduite avec grand plaisir toutes ces ann\u00e9es, mais elle est maintenant devenue trop vieille et elle vient n&rsquo;aime plus sortir avec. Je suis donc heureux que nous ayons pu le racheter.<br \/>\nComme vous pouvez le voir sur les photos, c&rsquo;est toujours tr\u00e8s soign\u00e9.<br \/>\nNous l&rsquo;avons rev\u00e9rifi\u00e9 compl\u00e8tement afin que vous puissiez en profiter pendant de nombreuses ann\u00e9es avec grand plaisir et sans soucis.<br \/>\nLe CT est toujours valable jusqu&rsquo;au 09\/04\/2022<br \/>\nN&rsquo;h\u00e9sitez pas \u00e0 prendre rendez-vous pour venir jeter un \u0153il.<br \/>\nTel. 0031345-681454<br \/>\nPrix \u200b\u200b\u20ac 9750, &#8211;<\/p>\n","protected":false},"excerpt":{"rendered":"<p>Citro\u00ebn 2cv6 Club<br \/>\nAnn\u00e9e de construction 1986<br \/>\nKilom\u00e9trage 95100<br \/>\nCouleur: AC 446 \/ EKB Rouge Vallelunga<\/p>\n<p>L&rsquo;ancien propri\u00e9taire (un Pietje exactement, ce qui doit aussi l&rsquo;\u00eatre si vous \u00eates apiculteur) a achet\u00e9 cette 2cv rouge soign\u00e9e chez nous il y a 17 ans et l&rsquo;a conduite avec grand plaisir toutes ces ann\u00e9es, mais elle est maintenant devenue trop vieille et elle vient n&rsquo;aime plus sortir avec. Je suis donc heureux que nous ayons pu le racheter.<br \/>\nComme vous pouvez le voir sur les photos, c&rsquo;est toujours tr\u00e8s soign\u00e9.<br \/>\nNous l&rsquo;avons rev\u00e9rifi\u00e9 compl\u00e8tement afin que vous puissiez en profiter pendant de nombreuses ann\u00e9es avec grand plaisir et sans soucis.<br \/>\nLe CT est toujours valable jusqu&rsquo;au 09\/04\/2022<br \/>\nN&rsquo;h\u00e9sitez pas \u00e0 prendre rendez-vous pour venir jeter un \u0153il.<br \/>\nT\u00e9l. 0345-681454<br \/>\nPrix \u200b\u200b\u20ac 9750, &#8211;<\/p>\n","protected":false},"featured_media":10517,"template":"","meta":[],"product_cat":[],"product_tag":[],"class_list":{"0":"post-10693","1":"product","2":"type-product","3":"status-publish","4":"has-post-thumbnail","7":"first","8":"instock","9":"shipping-taxable","10":"purchasable","11":"product-type-simple"},"yoast_head":"<!-- This site is optimized with the Yoast SEO plugin v23.1 - https:\/\/yoast.com\/wordpress\/plugins\/seo\/ -->\n<title>Citro\u00ebn 2cv6 Club 1986 - Chateau deux chevaux Beesd<\/title>\n<meta name=\"robots\" content=\"index, follow, max-snippet:-1, max-image-preview:large, max-video-preview:-1\" \/>\n<link rel=\"canonical\" href=\"https:\/\/www.citroen-klassiekers.nl\/fr\/produit\/citroen-2cv6-club-1986-2\/\" \/>\n<meta property=\"og:locale\" content=\"fr_FR\" \/>\n<meta property=\"og:type\" content=\"article\" \/>\n<meta property=\"og:title\" content=\"Citro\u00ebn 2cv6 Club 1986 - Chateau deux chevaux Beesd\" \/>\n<meta property=\"og:description\" content=\"Citro\u00ebn 2cv6 Club Ann\u00e9e de construction 1986 Kilom\u00e9trage 95100 Couleur: AC 446 \/ EKB Rouge Vallelunga  L&#039;ancien propri\u00e9taire (un Pietje exactement, ce qui doit aussi l&#039;\u00eatre si vous \u00eates apiculteur) a achet\u00e9 cette 2cv rouge soign\u00e9e chez nous il y a 17 ans et l&#039;a conduite avec grand plaisir toutes ces ann\u00e9es, mais elle est maintenant devenue trop vieille et elle vient n&#039;aime plus sortir avec. Je suis donc heureux que nous ayons pu le racheter. Comme vous pouvez le voir sur les photos, c&#039;est toujours tr\u00e8s soign\u00e9. Nous l&#039;avons rev\u00e9rifi\u00e9 compl\u00e8tement afin que vous puissiez en profiter pendant de nombreuses ann\u00e9es avec grand plaisir et sans soucis. Le CT est toujours valable jusqu&#039;au 09\/04\/2022 N&#039;h\u00e9sitez pas \u00e0 prendre rendez-vous pour venir jeter un \u0153il. T\u00e9l. 0345-681454 Prix \u200b\u200b\u20ac 9750, -\" \/>\n<meta property=\"og:url\" content=\"https:\/\/www.citroen-klassiekers.nl\/fr\/produit\/citroen-2cv6-club-1986-2\/\" \/>\n<meta property=\"og:site_name\" content=\"Chateau deux chevaux Beesd\" \/>\n<meta property=\"article:publisher\" content=\"https:\/\/www.facebook.com\/Chateau-Deux-Chevaux-111854715599808\/\" \/>\n<meta property=\"article:modified_time\" content=\"2020-10-19T10:44:53+00:00\" \/>\n<meta property=\"og:image\" content=\"https:\/\/www.citroen-klassiekers.nl\/wp-content\/uploads\/2020\/10\/20201010_111707.jpg\" \/>\n\t<meta property=\"og:image:width\" content=\"1632\" \/>\n\t<meta property=\"og:image:height\" content=\"1224\" \/>\n\t<meta property=\"og:image:type\" content=\"image\/jpeg\" \/>\n<meta name=\"twitter:card\" content=\"summary_large_image\" \/>\n<meta name=\"twitter:label1\" content=\"Dur\u00e9e de lecture estim\u00e9e\" \/>\n\t<meta name=\"twitter:data1\" content=\"1 minute\" \/>\n<script type=\"application\/ld+json\" class=\"yoast-schema-graph\">{\"@context\":\"https:\/\/schema.org\",\"@graph\":[{\"@type\":\"WebPage\",\"@id\":\"https:\/\/www.citroen-klassiekers.nl\/fr\/produit\/citroen-2cv6-club-1986-2\/\",\"url\":\"https:\/\/www.citroen-klassiekers.nl\/fr\/produit\/citroen-2cv6-club-1986-2\/\",\"name\":\"Citro\u00ebn 2cv6 Club 1986 - Chateau deux chevaux Beesd\",\"isPartOf\":{\"@id\":\"https:\/\/www.citroen-klassiekers.nl\/de\/#website\"},\"primaryImageOfPage\":{\"@id\":\"https:\/\/www.citroen-klassiekers.nl\/fr\/produit\/citroen-2cv6-club-1986-2\/#primaryimage\"},\"image\":{\"@id\":\"https:\/\/www.citroen-klassiekers.nl\/fr\/produit\/citroen-2cv6-club-1986-2\/#primaryimage\"},\"thumbnailUrl\":\"https:\/\/www.citroen-klassiekers.nl\/wp-content\/uploads\/2020\/10\/20201010_111707.jpg\",\"datePublished\":\"2020-10-19T10:17:02+00:00\",\"dateModified\":\"2020-10-19T10:44:53+00:00\",\"breadcrumb\":{\"@id\":\"https:\/\/www.citroen-klassiekers.nl\/fr\/produit\/citroen-2cv6-club-1986-2\/#breadcrumb\"},\"inLanguage\":\"fr-FR\",\"potentialAction\":[{\"@type\":\"ReadAction\",\"target\":[\"https:\/\/www.citroen-klassiekers.nl\/fr\/produit\/citroen-2cv6-club-1986-2\/\"]}]},{\"@type\":\"ImageObject\",\"inLanguage\":\"fr-FR\",\"@id\":\"https:\/\/www.citroen-klassiekers.nl\/fr\/produit\/citroen-2cv6-club-1986-2\/#primaryimage\",\"url\":\"https:\/\/www.citroen-klassiekers.nl\/wp-content\/uploads\/2020\/10\/20201010_111707.jpg\",\"contentUrl\":\"https:\/\/www.citroen-klassiekers.nl\/wp-content\/uploads\/2020\/10\/20201010_111707.jpg\",\"width\":1632,\"height\":1224},{\"@type\":\"BreadcrumbList\",\"@id\":\"https:\/\/www.citroen-klassiekers.nl\/fr\/produit\/citroen-2cv6-club-1986-2\/#breadcrumb\",\"itemListElement\":[{\"@type\":\"ListItem\",\"position\":1,\"name\":\"Home\",\"item\":\"https:\/\/www.citroen-klassiekers.nl\/fr\/\"},{\"@type\":\"ListItem\",\"position\":2,\"name\":\"Boutique\",\"item\":\"https:\/\/www.citroen-klassiekers.nl\/fr\/boutique\/\"},{\"@type\":\"ListItem\",\"position\":3,\"name\":\"Citro\u00ebn 2cv6 Club 1986\"}]},{\"@type\":\"WebSite\",\"@id\":\"https:\/\/www.citroen-klassiekers.nl\/de\/#website\",\"url\":\"https:\/\/www.citroen-klassiekers.nl\/de\/\",\"name\":\"Chateau deux chevaux Beesd\",\"description\":\"\",\"publisher\":{\"@id\":\"https:\/\/www.citroen-klassiekers.nl\/de\/#organization\"},\"potentialAction\":[{\"@type\":\"SearchAction\",\"target\":{\"@type\":\"EntryPoint\",\"urlTemplate\":\"https:\/\/www.citroen-klassiekers.nl\/de\/?s={search_term_string}\"},\"query-input\":\"required name=search_term_string\"}],\"inLanguage\":\"fr-FR\"},{\"@type\":\"Organization\",\"@id\":\"https:\/\/www.citroen-klassiekers.nl\/de\/#organization\",\"name\":\"Chateau Deux Chevaux\",\"url\":\"https:\/\/www.citroen-klassiekers.nl\/de\/\",\"logo\":{\"@type\":\"ImageObject\",\"inLanguage\":\"fr-FR\",\"@id\":\"https:\/\/www.citroen-klassiekers.nl\/de\/#\/schema\/logo\/image\/\",\"url\":\"https:\/\/www.citroen-klassiekers.nl\/wp-content\/uploads\/2015\/11\/Logo-chateau-01-01.png\",\"contentUrl\":\"https:\/\/www.citroen-klassiekers.nl\/wp-content\/uploads\/2015\/11\/Logo-chateau-01-01.png\",\"width\":2946,\"height\":1944,\"caption\":\"Chateau Deux Chevaux\"},\"image\":{\"@id\":\"https:\/\/www.citroen-klassiekers.nl\/de\/#\/schema\/logo\/image\/\"},\"sameAs\":[\"https:\/\/www.facebook.com\/Chateau-Deux-Chevaux-111854715599808\/\",\"https:\/\/www.youtube.com\/user\/Citroenklassiekers\"]}]}<\/script>\n<!-- \/ Yoast SEO plugin. -->","yoast_head_json":{"title":"Citro\u00ebn 2cv6 Club 1986 - Chateau deux chevaux Beesd","robots":{"index":"index","follow":"follow","max-snippet":"max-snippet:-1","max-image-preview":"max-image-preview:large","max-video-preview":"max-video-preview:-1"},"canonical":"https:\/\/www.citroen-klassiekers.nl\/fr\/produit\/citroen-2cv6-club-1986-2\/","og_locale":"fr_FR","og_type":"article","og_title":"Citro\u00ebn 2cv6 Club 1986 - Chateau deux chevaux Beesd","og_description":"Citro\u00ebn 2cv6 Club Ann\u00e9e de construction 1986 Kilom\u00e9trage 95100 Couleur: AC 446 \/ EKB Rouge Vallelunga  L'ancien propri\u00e9taire (un Pietje exactement, ce qui doit aussi l'\u00eatre si vous \u00eates apiculteur) a achet\u00e9 cette 2cv rouge soign\u00e9e chez nous il y a 17 ans et l'a conduite avec grand plaisir toutes ces ann\u00e9es, mais elle est maintenant devenue trop vieille et elle vient n'aime plus sortir avec. Je suis donc heureux que nous ayons pu le racheter. Comme vous pouvez le voir sur les photos, c'est toujours tr\u00e8s soign\u00e9. Nous l'avons rev\u00e9rifi\u00e9 compl\u00e8tement afin que vous puissiez en profiter pendant de nombreuses ann\u00e9es avec grand plaisir et sans soucis. Le CT est toujours valable jusqu'au 09\/04\/2022 N'h\u00e9sitez pas \u00e0 prendre rendez-vous pour venir jeter un \u0153il. T\u00e9l. 0345-681454 Prix \u200b\u200b\u20ac 9750, -","og_url":"https:\/\/www.citroen-klassiekers.nl\/fr\/produit\/citroen-2cv6-club-1986-2\/","og_site_name":"Chateau deux chevaux Beesd","article_publisher":"https:\/\/www.facebook.com\/Chateau-Deux-Chevaux-111854715599808\/","article_modified_time":"2020-10-19T10:44:53+00:00","og_image":[{"width":1632,"height":1224,"url":"https:\/\/www.citroen-klassiekers.nl\/wp-content\/uploads\/2020\/10\/20201010_111707.jpg","type":"image\/jpeg"}],"twitter_card":"summary_large_image","twitter_misc":{"Dur\u00e9e de lecture estim\u00e9e":"1 minute"},"schema":{"@context":"https:\/\/schema.org","@graph":[{"@type":"WebPage","@id":"https:\/\/www.citroen-klassiekers.nl\/fr\/produit\/citroen-2cv6-club-1986-2\/","url":"https:\/\/www.citroen-klassiekers.nl\/fr\/produit\/citroen-2cv6-club-1986-2\/","name":"Citro\u00ebn 2cv6 Club 1986 - Chateau deux chevaux Beesd","isPartOf":{"@id":"https:\/\/www.citroen-klassiekers.nl\/de\/#website"},"primaryImageOfPage":{"@id":"https:\/\/www.citroen-klassiekers.nl\/fr\/produit\/citroen-2cv6-club-1986-2\/#primaryimage"},"image":{"@id":"https:\/\/www.citroen-klassiekers.nl\/fr\/produit\/citroen-2cv6-club-1986-2\/#primaryimage"},"thumbnailUrl":"https:\/\/www.citroen-klassiekers.nl\/wp-content\/uploads\/2020\/10\/20201010_111707.jpg","datePublished":"2020-10-19T10:17:02+00:00","dateModified":"2020-10-19T10:44:53+00:00","breadcrumb":{"@id":"https:\/\/www.citroen-klassiekers.nl\/fr\/produit\/citroen-2cv6-club-1986-2\/#breadcrumb"},"inLanguage":"fr-FR","potentialAction":[{"@type":"ReadAction","target":["https:\/\/www.citroen-klassiekers.nl\/fr\/produit\/citroen-2cv6-club-1986-2\/"]}]},{"@type":"ImageObject","inLanguage":"fr-FR","@id":"https:\/\/www.citroen-klassiekers.nl\/fr\/produit\/citroen-2cv6-club-1986-2\/#primaryimage","url":"https:\/\/www.citroen-klassiekers.nl\/wp-content\/uploads\/2020\/10\/20201010_111707.jpg","contentUrl":"https:\/\/www.citroen-klassiekers.nl\/wp-content\/uploads\/2020\/10\/20201010_111707.jpg","width":1632,"height":1224},{"@type":"BreadcrumbList","@id":"https:\/\/www.citroen-klassiekers.nl\/fr\/produit\/citroen-2cv6-club-1986-2\/#breadcrumb","itemListElement":[{"@type":"ListItem","position":1,"name":"Home","item":"https:\/\/www.citroen-klassiekers.nl\/fr\/"},{"@type":"ListItem","position":2,"name":"Boutique","item":"https:\/\/www.citroen-klassiekers.nl\/fr\/boutique\/"},{"@type":"ListItem","position":3,"name":"Citro\u00ebn 2cv6 Club 1986"}]},{"@type":"WebSite","@id":"https:\/\/www.citroen-klassiekers.nl\/de\/#website","url":"https:\/\/www.citroen-klassiekers.nl\/de\/","name":"Chateau deux chevaux Beesd","description":"","publisher":{"@id":"https:\/\/www.citroen-klassiekers.nl\/de\/#organization"},"potentialAction":[{"@type":"SearchAction","target":{"@type":"EntryPoint","urlTemplate":"https:\/\/www.citroen-klassiekers.nl\/de\/?s={search_term_string}"},"query-input":"required name=search_term_string"}],"inLanguage":"fr-FR"},{"@type":"Organization","@id":"https:\/\/www.citroen-klassiekers.nl\/de\/#organization","name":"Chateau Deux Chevaux","url":"https:\/\/www.citroen-klassiekers.nl\/de\/","logo":{"@type":"ImageObject","inLanguage":"fr-FR","@id":"https:\/\/www.citroen-klassiekers.nl\/de\/#\/schema\/logo\/image\/","url":"https:\/\/www.citroen-klassiekers.nl\/wp-content\/uploads\/2015\/11\/Logo-chateau-01-01.png","contentUrl":"https:\/\/www.citroen-klassiekers.nl\/wp-content\/uploads\/2015\/11\/Logo-chateau-01-01.png","width":2946,"height":1944,"caption":"Chateau Deux Chevaux"},"image":{"@id":"https:\/\/www.citroen-klassiekers.nl\/de\/#\/schema\/logo\/image\/"},"sameAs":["https:\/\/www.facebook.com\/Chateau-Deux-Chevaux-111854715599808\/","https:\/\/www.youtube.com\/user\/Citroenklassiekers"]}]}},"_links":{"self":[{"href":"https:\/\/www.citroen-klassiekers.nl\/fr\/wp-json\/wp\/v2\/product\/10693","targetHints":{"allow":["GET"]}}],"collection":[{"href":"https:\/\/www.citroen-klassiekers.nl\/fr\/wp-json\/wp\/v2\/product"}],"about":[{"href":"https:\/\/www.citroen-klassiekers.nl\/fr\/wp-json\/wp\/v2\/types\/product"}],"wp:featuredmedia":[{"embeddable":true,"href":"https:\/\/www.citroen-klassiekers.nl\/fr\/wp-json\/wp\/v2\/media\/10517"}],"wp:attachment":[{"href":"https:\/\/www.citroen-klassiekers.nl\/fr\/wp-json\/wp\/v2\/media?parent=10693"}],"wp:term":[{"taxonomy":"product_cat","embeddable":true,"href":"https:\/\/www.citroen-klassiekers.nl\/fr\/wp-json\/wp\/v2\/product_cat?post=10693"},{"taxonomy":"product_tag","embeddable":true,"href":"https:\/\/www.citroen-klassiekers.nl\/fr\/wp-json\/wp\/v2\/product_tag?post=10693"}],"curies":[{"name":"wp","href":"https:\/\/api.w.org\/{rel}","templated":true}]}}