{"id":10698,"date":"2020-10-18T20:36:50","date_gmt":"2020-10-19T10:20:25","guid":{"rendered":"https:\/\/www.citroen-klassiekers.nl\/?post_type=product&#038;p=10698"},"modified":"2020-10-19T11:47:54","modified_gmt":"2020-10-19T10:47:54","slug":"citroen-2cv6-special-1982","status":"publish","type":"product","link":"https:\/\/www.citroen-klassiekers.nl\/fr\/produit\/citroen-2cv6-special-1982\/","title":{"rendered":"Citro\u00ebn 2cv6 Sp\u00e9cial 1982"},"content":{"rendered":"<p>Citro\u00ebn 2cv6 Sp\u00e9cial<br \/>\nAnn\u00e9e de production: 1982<br \/>\nKilom\u00e9trage: 76415<br \/>\nCouleur: jaune \/ rouge<\/p>\n<p>Cette belle 2cv gaie a des plaques de sol, un repose-pieds et un ch\u00e2ssis soign\u00e9s.<br \/>\nLa moulure de pare-brise et la charni\u00e8re du capot ont \u00e9t\u00e9 r\u00e9cemment remplac\u00e9es.<br \/>\nLe toit est soign\u00e9, tout comme les pneus, le moteur (avec allumage 123) et la bo\u00eete.<br \/>\nIl a d\u00e9j\u00e0 re\u00e7u une r\u00e9vision majeure de notre part, et un nettoyage en profondeur, un CT frais qu&rsquo;il re\u00e7oit juste avant la livraison.<br \/>\nSon int\u00e9rieur est soign\u00e9 mais la peinture a quelques signes d&rsquo;usure, si cela ne vous d\u00e9range pas, c&rsquo;est vraiment un canard pour vous! Il roule tr\u00e8s bien et est bien entretenu.<br \/>\nLe prix de ce canard n&rsquo;est pas trop mal, \u00e0 savoir 7750.- \u20ac<br \/>\nN&rsquo;h\u00e9sitez pas \u00e0 l&rsquo;appeler si vous voulez le voir dans la vraie vie et faire un essai routier.<br \/>\nT\u00e9l. 0345-681454<\/p>\n","protected":false},"excerpt":{"rendered":"<p>Citro\u00ebn 2cv6 Sp\u00e9cial<br \/>\nAnn\u00e9e de production: 1982<br \/>\nKilom\u00e9trage: 76415<br \/>\nCouleur: jaune \/ rouge<\/p>\n<p>Cette belle 2cv gaie a des plaques de sol, un repose-pieds et un ch\u00e2ssis soign\u00e9s.<br \/>\nLa moulure de pare-brise et la charni\u00e8re du capot ont \u00e9t\u00e9 r\u00e9cemment remplac\u00e9es.<br \/>\nLe toit est soign\u00e9, tout comme les pneus, le moteur (avec allumage 123) et la bo\u00eete.<br \/>\nIl a d\u00e9j\u00e0 re\u00e7u une r\u00e9vision majeure de notre part, et un nettoyage en profondeur, un CT frais qu&rsquo;il re\u00e7oit juste avant la livraison.<br \/>\nSon int\u00e9rieur est soign\u00e9 mais la peinture a quelques signes d&rsquo;usure, si cela ne vous d\u00e9range pas, c&rsquo;est vraiment un canard pour vous! Il roule tr\u00e8s bien et est bien entretenu.<br \/>\nLe prix de ce canard n&rsquo;est pas trop mal, \u00e0 savoir 7750.- \u20ac<br \/>\nN&rsquo;h\u00e9sitez pas \u00e0 l&rsquo;appeler si vous voulez le voir dans la vraie vie et faire un essai routier.<br \/>\nT\u00e9l. 0031345-681454<\/p>\n","protected":false},"featured_media":10454,"template":"","meta":[],"product_cat":[345],"product_tag":[],"class_list":{"0":"post-10698","1":"product","2":"type-product","3":"status-publish","4":"has-post-thumbnail","6":"product_cat-voitures-vendues","8":"first","9":"instock","10":"shipping-taxable","11":"purchasable","12":"product-type-simple"},"yoast_head":"<!-- This site is optimized with the Yoast SEO plugin v23.1 - https:\/\/yoast.com\/wordpress\/plugins\/seo\/ -->\n<title>Citro\u00ebn 2cv6 Sp\u00e9cial 1982 - Chateau deux chevaux Beesd<\/title>\n<meta name=\"robots\" content=\"index, follow, max-snippet:-1, max-image-preview:large, max-video-preview:-1\" \/>\n<link rel=\"canonical\" href=\"https:\/\/www.citroen-klassiekers.nl\/fr\/produit\/citroen-2cv6-special-1982\/\" \/>\n<meta property=\"og:locale\" content=\"fr_FR\" \/>\n<meta property=\"og:type\" content=\"article\" \/>\n<meta property=\"og:title\" content=\"Citro\u00ebn 2cv6 Sp\u00e9cial 1982 - Chateau deux chevaux Beesd\" \/>\n<meta property=\"og:description\" content=\"Citro\u00ebn 2cv6 Sp\u00e9cial Ann\u00e9e de production: 1982 Kilom\u00e9trage: 76415 Couleur: jaune \/ rouge  Cette belle 2cv gaie a des plaques de sol, un repose-pieds et un ch\u00e2ssis soign\u00e9s. La moulure de pare-brise et la charni\u00e8re du capot ont \u00e9t\u00e9 r\u00e9cemment remplac\u00e9es. Le toit est soign\u00e9, tout comme les pneus, le moteur (avec allumage 123) et la bo\u00eete. Il a d\u00e9j\u00e0 re\u00e7u une r\u00e9vision majeure de notre part, et un nettoyage en profondeur, un CT frais qu&#039;il re\u00e7oit juste avant la livraison. Son int\u00e9rieur est soign\u00e9 mais la peinture a quelques signes d&#039;usure, si cela ne vous d\u00e9range pas, c&#039;est vraiment un canard pour vous! Il roule tr\u00e8s bien et est bien entretenu. Le prix de ce canard n&#039;est pas trop mal, \u00e0 savoir 7750.- \u20ac N&#039;h\u00e9sitez pas \u00e0 l&#039;appeler si vous voulez le voir dans la vraie vie et faire un essai routier. T\u00e9l. 0031345-681454\" \/>\n<meta property=\"og:url\" content=\"https:\/\/www.citroen-klassiekers.nl\/fr\/produit\/citroen-2cv6-special-1982\/\" \/>\n<meta property=\"og:site_name\" content=\"Chateau deux chevaux Beesd\" \/>\n<meta property=\"article:publisher\" content=\"https:\/\/www.facebook.com\/Chateau-Deux-Chevaux-111854715599808\/\" \/>\n<meta property=\"article:modified_time\" content=\"2020-10-19T10:47:54+00:00\" \/>\n<meta property=\"og:image\" content=\"https:\/\/www.citroen-klassiekers.nl\/wp-content\/uploads\/2020\/10\/20201010_110934.jpg\" \/>\n\t<meta property=\"og:image:width\" content=\"1632\" \/>\n\t<meta property=\"og:image:height\" content=\"1224\" \/>\n\t<meta property=\"og:image:type\" content=\"image\/jpeg\" \/>\n<meta name=\"twitter:card\" content=\"summary_large_image\" \/>\n<meta name=\"twitter:label1\" content=\"Dur\u00e9e de lecture estim\u00e9e\" \/>\n\t<meta name=\"twitter:data1\" content=\"1 minute\" \/>\n<script type=\"application\/ld+json\" class=\"yoast-schema-graph\">{\"@context\":\"https:\/\/schema.org\",\"@graph\":[{\"@type\":\"WebPage\",\"@id\":\"https:\/\/www.citroen-klassiekers.nl\/fr\/produit\/citroen-2cv6-special-1982\/\",\"url\":\"https:\/\/www.citroen-klassiekers.nl\/fr\/produit\/citroen-2cv6-special-1982\/\",\"name\":\"Citro\u00ebn 2cv6 Sp\u00e9cial 1982 - Chateau deux chevaux Beesd\",\"isPartOf\":{\"@id\":\"https:\/\/www.citroen-klassiekers.nl\/de\/#website\"},\"primaryImageOfPage\":{\"@id\":\"https:\/\/www.citroen-klassiekers.nl\/fr\/produit\/citroen-2cv6-special-1982\/#primaryimage\"},\"image\":{\"@id\":\"https:\/\/www.citroen-klassiekers.nl\/fr\/produit\/citroen-2cv6-special-1982\/#primaryimage\"},\"thumbnailUrl\":\"https:\/\/www.citroen-klassiekers.nl\/wp-content\/uploads\/2020\/10\/20201010_110934.jpg\",\"datePublished\":\"2020-10-19T10:20:25+00:00\",\"dateModified\":\"2020-10-19T10:47:54+00:00\",\"breadcrumb\":{\"@id\":\"https:\/\/www.citroen-klassiekers.nl\/fr\/produit\/citroen-2cv6-special-1982\/#breadcrumb\"},\"inLanguage\":\"fr-FR\",\"potentialAction\":[{\"@type\":\"ReadAction\",\"target\":[\"https:\/\/www.citroen-klassiekers.nl\/fr\/produit\/citroen-2cv6-special-1982\/\"]}]},{\"@type\":\"ImageObject\",\"inLanguage\":\"fr-FR\",\"@id\":\"https:\/\/www.citroen-klassiekers.nl\/fr\/produit\/citroen-2cv6-special-1982\/#primaryimage\",\"url\":\"https:\/\/www.citroen-klassiekers.nl\/wp-content\/uploads\/2020\/10\/20201010_110934.jpg\",\"contentUrl\":\"https:\/\/www.citroen-klassiekers.nl\/wp-content\/uploads\/2020\/10\/20201010_110934.jpg\",\"width\":1632,\"height\":1224},{\"@type\":\"BreadcrumbList\",\"@id\":\"https:\/\/www.citroen-klassiekers.nl\/fr\/produit\/citroen-2cv6-special-1982\/#breadcrumb\",\"itemListElement\":[{\"@type\":\"ListItem\",\"position\":1,\"name\":\"Home\",\"item\":\"https:\/\/www.citroen-klassiekers.nl\/fr\/\"},{\"@type\":\"ListItem\",\"position\":2,\"name\":\"Boutique\",\"item\":\"https:\/\/www.citroen-klassiekers.nl\/fr\/boutique\/\"},{\"@type\":\"ListItem\",\"position\":3,\"name\":\"Citro\u00ebn 2cv6 Sp\u00e9cial 1982\"}]},{\"@type\":\"WebSite\",\"@id\":\"https:\/\/www.citroen-klassiekers.nl\/de\/#website\",\"url\":\"https:\/\/www.citroen-klassiekers.nl\/de\/\",\"name\":\"Chateau deux chevaux Beesd\",\"description\":\"\",\"publisher\":{\"@id\":\"https:\/\/www.citroen-klassiekers.nl\/de\/#organization\"},\"potentialAction\":[{\"@type\":\"SearchAction\",\"target\":{\"@type\":\"EntryPoint\",\"urlTemplate\":\"https:\/\/www.citroen-klassiekers.nl\/de\/?s={search_term_string}\"},\"query-input\":\"required name=search_term_string\"}],\"inLanguage\":\"fr-FR\"},{\"@type\":\"Organization\",\"@id\":\"https:\/\/www.citroen-klassiekers.nl\/de\/#organization\",\"name\":\"Chateau Deux Chevaux\",\"url\":\"https:\/\/www.citroen-klassiekers.nl\/de\/\",\"logo\":{\"@type\":\"ImageObject\",\"inLanguage\":\"fr-FR\",\"@id\":\"https:\/\/www.citroen-klassiekers.nl\/de\/#\/schema\/logo\/image\/\",\"url\":\"https:\/\/www.citroen-klassiekers.nl\/wp-content\/uploads\/2015\/11\/Logo-chateau-01-01.png\",\"contentUrl\":\"https:\/\/www.citroen-klassiekers.nl\/wp-content\/uploads\/2015\/11\/Logo-chateau-01-01.png\",\"width\":2946,\"height\":1944,\"caption\":\"Chateau Deux Chevaux\"},\"image\":{\"@id\":\"https:\/\/www.citroen-klassiekers.nl\/de\/#\/schema\/logo\/image\/\"},\"sameAs\":[\"https:\/\/www.facebook.com\/Chateau-Deux-Chevaux-111854715599808\/\",\"https:\/\/www.youtube.com\/user\/Citroenklassiekers\"]}]}<\/script>\n<!-- \/ Yoast SEO plugin. -->","yoast_head_json":{"title":"Citro\u00ebn 2cv6 Sp\u00e9cial 1982 - Chateau deux chevaux Beesd","robots":{"index":"index","follow":"follow","max-snippet":"max-snippet:-1","max-image-preview":"max-image-preview:large","max-video-preview":"max-video-preview:-1"},"canonical":"https:\/\/www.citroen-klassiekers.nl\/fr\/produit\/citroen-2cv6-special-1982\/","og_locale":"fr_FR","og_type":"article","og_title":"Citro\u00ebn 2cv6 Sp\u00e9cial 1982 - Chateau deux chevaux Beesd","og_description":"Citro\u00ebn 2cv6 Sp\u00e9cial Ann\u00e9e de production: 1982 Kilom\u00e9trage: 76415 Couleur: jaune \/ rouge  Cette belle 2cv gaie a des plaques de sol, un repose-pieds et un ch\u00e2ssis soign\u00e9s. La moulure de pare-brise et la charni\u00e8re du capot ont \u00e9t\u00e9 r\u00e9cemment remplac\u00e9es. Le toit est soign\u00e9, tout comme les pneus, le moteur (avec allumage 123) et la bo\u00eete. Il a d\u00e9j\u00e0 re\u00e7u une r\u00e9vision majeure de notre part, et un nettoyage en profondeur, un CT frais qu'il re\u00e7oit juste avant la livraison. Son int\u00e9rieur est soign\u00e9 mais la peinture a quelques signes d'usure, si cela ne vous d\u00e9range pas, c'est vraiment un canard pour vous! Il roule tr\u00e8s bien et est bien entretenu. Le prix de ce canard n'est pas trop mal, \u00e0 savoir 7750.- \u20ac N'h\u00e9sitez pas \u00e0 l'appeler si vous voulez le voir dans la vraie vie et faire un essai routier. T\u00e9l. 0031345-681454","og_url":"https:\/\/www.citroen-klassiekers.nl\/fr\/produit\/citroen-2cv6-special-1982\/","og_site_name":"Chateau deux chevaux Beesd","article_publisher":"https:\/\/www.facebook.com\/Chateau-Deux-Chevaux-111854715599808\/","article_modified_time":"2020-10-19T10:47:54+00:00","og_image":[{"width":1632,"height":1224,"url":"https:\/\/www.citroen-klassiekers.nl\/wp-content\/uploads\/2020\/10\/20201010_110934.jpg","type":"image\/jpeg"}],"twitter_card":"summary_large_image","twitter_misc":{"Dur\u00e9e de lecture estim\u00e9e":"1 minute"},"schema":{"@context":"https:\/\/schema.org","@graph":[{"@type":"WebPage","@id":"https:\/\/www.citroen-klassiekers.nl\/fr\/produit\/citroen-2cv6-special-1982\/","url":"https:\/\/www.citroen-klassiekers.nl\/fr\/produit\/citroen-2cv6-special-1982\/","name":"Citro\u00ebn 2cv6 Sp\u00e9cial 1982 - Chateau deux chevaux Beesd","isPartOf":{"@id":"https:\/\/www.citroen-klassiekers.nl\/de\/#website"},"primaryImageOfPage":{"@id":"https:\/\/www.citroen-klassiekers.nl\/fr\/produit\/citroen-2cv6-special-1982\/#primaryimage"},"image":{"@id":"https:\/\/www.citroen-klassiekers.nl\/fr\/produit\/citroen-2cv6-special-1982\/#primaryimage"},"thumbnailUrl":"https:\/\/www.citroen-klassiekers.nl\/wp-content\/uploads\/2020\/10\/20201010_110934.jpg","datePublished":"2020-10-19T10:20:25+00:00","dateModified":"2020-10-19T10:47:54+00:00","breadcrumb":{"@id":"https:\/\/www.citroen-klassiekers.nl\/fr\/produit\/citroen-2cv6-special-1982\/#breadcrumb"},"inLanguage":"fr-FR","potentialAction":[{"@type":"ReadAction","target":["https:\/\/www.citroen-klassiekers.nl\/fr\/produit\/citroen-2cv6-special-1982\/"]}]},{"@type":"ImageObject","inLanguage":"fr-FR","@id":"https:\/\/www.citroen-klassiekers.nl\/fr\/produit\/citroen-2cv6-special-1982\/#primaryimage","url":"https:\/\/www.citroen-klassiekers.nl\/wp-content\/uploads\/2020\/10\/20201010_110934.jpg","contentUrl":"https:\/\/www.citroen-klassiekers.nl\/wp-content\/uploads\/2020\/10\/20201010_110934.jpg","width":1632,"height":1224},{"@type":"BreadcrumbList","@id":"https:\/\/www.citroen-klassiekers.nl\/fr\/produit\/citroen-2cv6-special-1982\/#breadcrumb","itemListElement":[{"@type":"ListItem","position":1,"name":"Home","item":"https:\/\/www.citroen-klassiekers.nl\/fr\/"},{"@type":"ListItem","position":2,"name":"Boutique","item":"https:\/\/www.citroen-klassiekers.nl\/fr\/boutique\/"},{"@type":"ListItem","position":3,"name":"Citro\u00ebn 2cv6 Sp\u00e9cial 1982"}]},{"@type":"WebSite","@id":"https:\/\/www.citroen-klassiekers.nl\/de\/#website","url":"https:\/\/www.citroen-klassiekers.nl\/de\/","name":"Chateau deux chevaux Beesd","description":"","publisher":{"@id":"https:\/\/www.citroen-klassiekers.nl\/de\/#organization"},"potentialAction":[{"@type":"SearchAction","target":{"@type":"EntryPoint","urlTemplate":"https:\/\/www.citroen-klassiekers.nl\/de\/?s={search_term_string}"},"query-input":"required name=search_term_string"}],"inLanguage":"fr-FR"},{"@type":"Organization","@id":"https:\/\/www.citroen-klassiekers.nl\/de\/#organization","name":"Chateau Deux Chevaux","url":"https:\/\/www.citroen-klassiekers.nl\/de\/","logo":{"@type":"ImageObject","inLanguage":"fr-FR","@id":"https:\/\/www.citroen-klassiekers.nl\/de\/#\/schema\/logo\/image\/","url":"https:\/\/www.citroen-klassiekers.nl\/wp-content\/uploads\/2015\/11\/Logo-chateau-01-01.png","contentUrl":"https:\/\/www.citroen-klassiekers.nl\/wp-content\/uploads\/2015\/11\/Logo-chateau-01-01.png","width":2946,"height":1944,"caption":"Chateau Deux Chevaux"},"image":{"@id":"https:\/\/www.citroen-klassiekers.nl\/de\/#\/schema\/logo\/image\/"},"sameAs":["https:\/\/www.facebook.com\/Chateau-Deux-Chevaux-111854715599808\/","https:\/\/www.youtube.com\/user\/Citroenklassiekers"]}]}},"_links":{"self":[{"href":"https:\/\/www.citroen-klassiekers.nl\/fr\/wp-json\/wp\/v2\/product\/10698","targetHints":{"allow":["GET"]}}],"collection":[{"href":"https:\/\/www.citroen-klassiekers.nl\/fr\/wp-json\/wp\/v2\/product"}],"about":[{"href":"https:\/\/www.citroen-klassiekers.nl\/fr\/wp-json\/wp\/v2\/types\/product"}],"wp:featuredmedia":[{"embeddable":true,"href":"https:\/\/www.citroen-klassiekers.nl\/fr\/wp-json\/wp\/v2\/media\/10454"}],"wp:attachment":[{"href":"https:\/\/www.citroen-klassiekers.nl\/fr\/wp-json\/wp\/v2\/media?parent=10698"}],"wp:term":[{"taxonomy":"product_cat","embeddable":true,"href":"https:\/\/www.citroen-klassiekers.nl\/fr\/wp-json\/wp\/v2\/product_cat?post=10698"},{"taxonomy":"product_tag","embeddable":true,"href":"https:\/\/www.citroen-klassiekers.nl\/fr\/wp-json\/wp\/v2\/product_tag?post=10698"}],"curies":[{"name":"wp","href":"https:\/\/api.w.org\/{rel}","templated":true}]}}