{"id":14238,"date":"2022-09-23T17:02:16","date_gmt":"2022-09-23T16:52:46","guid":{"rendered":"https:\/\/www.citroen-klassiekers.nl\/?post_type=product&#038;p=14238"},"modified":"2022-09-23T17:54:10","modified_gmt":"2022-09-23T16:54:10","slug":"club-2cv6-blanche-de-1985","status":"publish","type":"product","link":"https:\/\/www.citroen-klassiekers.nl\/fr\/produit\/club-2cv6-blanche-de-1985\/","title":{"rendered":"2cv6 Club blanche de 1985"},"content":{"rendered":"","protected":false},"excerpt":{"rendered":"<p>Ann\u00e9e de construction : 1985<br \/>\nKilom\u00e9trage : 94201<br \/>\nCouleur : Blanc \u00e9clatant<\/p>\n<p>Ce beau canard vient d&rsquo;\u00eatre \u00e9quip\u00e9 d&rsquo;un nouveau toit.<\/p>\n<p>Il est \u00e9quip\u00e9 d&rsquo;un ch\u00e2ssis galvanis\u00e9, d&rsquo;un feu antibrouillard et d&rsquo;une prise 12 volts<\/p>\n<p>L&rsquo;histoire de ce canard est bien conserv\u00e9e dans un gros dossier rempli de factures.<\/p>\n<p>Le CT est valable jusqu&rsquo;au 03-03-2024<\/p>\n<p>N&rsquo;h\u00e9sitez pas \u00e0 appeler pour planifier un essai routier et d\u00e9couvrir sa flexibilit\u00e9, vous deviendrez des amis pour la vie !<\/p>\n<p>T\u00e9l\u00e9phoner. 0345-681454<\/p>\n<p>Prix \u200b\u200b\u20ac9500.-<\/p>\n","protected":false},"featured_media":14085,"template":"","meta":[],"product_cat":[345],"product_tag":[],"class_list":{"0":"post-14238","1":"product","2":"type-product","3":"status-publish","4":"has-post-thumbnail","6":"product_cat-voitures-vendues","8":"first","9":"instock","10":"shipping-taxable","11":"purchasable","12":"product-type-simple"},"yoast_head":"<!-- This site is optimized with the Yoast SEO plugin v23.1 - https:\/\/yoast.com\/wordpress\/plugins\/seo\/ -->\n<title>2cv6 Club blanche de 1985 - Chateau deux chevaux Beesd<\/title>\n<meta name=\"robots\" content=\"index, follow, max-snippet:-1, max-image-preview:large, max-video-preview:-1\" \/>\n<link rel=\"canonical\" href=\"https:\/\/www.citroen-klassiekers.nl\/fr\/produit\/club-2cv6-blanche-de-1985\/\" \/>\n<meta property=\"og:locale\" content=\"fr_FR\" \/>\n<meta property=\"og:type\" content=\"article\" \/>\n<meta property=\"og:title\" content=\"2cv6 Club blanche de 1985 - Chateau deux chevaux Beesd\" \/>\n<meta property=\"og:description\" content=\"Ann\u00e9e de construction : 1985 Kilom\u00e9trage : 94201 Couleur : Blanc \u00e9clatant  Ce beau canard vient d&#039;\u00eatre \u00e9quip\u00e9 d&#039;un nouveau toit.  Il est \u00e9quip\u00e9 d&#039;un ch\u00e2ssis galvanis\u00e9, d&#039;un feu antibrouillard et d&#039;une prise 12 volts  L&#039;histoire de ce canard est bien conserv\u00e9e dans un gros dossier rempli de factures.  Le CT est valable jusqu&#039;au 03-03-2024  N&#039;h\u00e9sitez pas \u00e0 appeler pour planifier un essai routier et d\u00e9couvrir sa flexibilit\u00e9, vous deviendrez des amis pour la vie !  T\u00e9l\u00e9phoner. 0345-681454  Prix \u200b\u200b\u20ac9500.-\" \/>\n<meta property=\"og:url\" content=\"https:\/\/www.citroen-klassiekers.nl\/fr\/produit\/club-2cv6-blanche-de-1985\/\" \/>\n<meta property=\"og:site_name\" content=\"Chateau deux chevaux Beesd\" \/>\n<meta property=\"article:publisher\" content=\"https:\/\/www.facebook.com\/Chateau-Deux-Chevaux-111854715599808\/\" \/>\n<meta property=\"article:modified_time\" content=\"2022-09-23T16:54:10+00:00\" \/>\n<meta property=\"og:image\" content=\"https:\/\/www.citroen-klassiekers.nl\/wp-content\/uploads\/2022\/09\/downloaden.png\" \/>\n\t<meta property=\"og:image:width\" content=\"800\" \/>\n\t<meta property=\"og:image:height\" content=\"600\" \/>\n\t<meta property=\"og:image:type\" content=\"image\/png\" \/>\n<meta name=\"twitter:card\" content=\"summary_large_image\" \/>\n<script type=\"application\/ld+json\" class=\"yoast-schema-graph\">{\"@context\":\"https:\/\/schema.org\",\"@graph\":[{\"@type\":\"WebPage\",\"@id\":\"https:\/\/www.citroen-klassiekers.nl\/fr\/produit\/club-2cv6-blanche-de-1985\/\",\"url\":\"https:\/\/www.citroen-klassiekers.nl\/fr\/produit\/club-2cv6-blanche-de-1985\/\",\"name\":\"2cv6 Club blanche de 1985 - Chateau deux chevaux Beesd\",\"isPartOf\":{\"@id\":\"https:\/\/www.citroen-klassiekers.nl\/de\/#website\"},\"primaryImageOfPage\":{\"@id\":\"https:\/\/www.citroen-klassiekers.nl\/fr\/produit\/club-2cv6-blanche-de-1985\/#primaryimage\"},\"image\":{\"@id\":\"https:\/\/www.citroen-klassiekers.nl\/fr\/produit\/club-2cv6-blanche-de-1985\/#primaryimage\"},\"thumbnailUrl\":\"https:\/\/www.citroen-klassiekers.nl\/wp-content\/uploads\/2022\/09\/downloaden.png\",\"datePublished\":\"2022-09-23T16:52:46+00:00\",\"dateModified\":\"2022-09-23T16:54:10+00:00\",\"breadcrumb\":{\"@id\":\"https:\/\/www.citroen-klassiekers.nl\/fr\/produit\/club-2cv6-blanche-de-1985\/#breadcrumb\"},\"inLanguage\":\"fr-FR\",\"potentialAction\":[{\"@type\":\"ReadAction\",\"target\":[\"https:\/\/www.citroen-klassiekers.nl\/fr\/produit\/club-2cv6-blanche-de-1985\/\"]}]},{\"@type\":\"ImageObject\",\"inLanguage\":\"fr-FR\",\"@id\":\"https:\/\/www.citroen-klassiekers.nl\/fr\/produit\/club-2cv6-blanche-de-1985\/#primaryimage\",\"url\":\"https:\/\/www.citroen-klassiekers.nl\/wp-content\/uploads\/2022\/09\/downloaden.png\",\"contentUrl\":\"https:\/\/www.citroen-klassiekers.nl\/wp-content\/uploads\/2022\/09\/downloaden.png\",\"width\":800,\"height\":600},{\"@type\":\"BreadcrumbList\",\"@id\":\"https:\/\/www.citroen-klassiekers.nl\/fr\/produit\/club-2cv6-blanche-de-1985\/#breadcrumb\",\"itemListElement\":[{\"@type\":\"ListItem\",\"position\":1,\"name\":\"Home\",\"item\":\"https:\/\/www.citroen-klassiekers.nl\/fr\/\"},{\"@type\":\"ListItem\",\"position\":2,\"name\":\"Boutique\",\"item\":\"https:\/\/www.citroen-klassiekers.nl\/fr\/boutique\/\"},{\"@type\":\"ListItem\",\"position\":3,\"name\":\"2cv6 Club blanche de 1985\"}]},{\"@type\":\"WebSite\",\"@id\":\"https:\/\/www.citroen-klassiekers.nl\/de\/#website\",\"url\":\"https:\/\/www.citroen-klassiekers.nl\/de\/\",\"name\":\"Chateau deux chevaux Beesd\",\"description\":\"\",\"publisher\":{\"@id\":\"https:\/\/www.citroen-klassiekers.nl\/de\/#organization\"},\"potentialAction\":[{\"@type\":\"SearchAction\",\"target\":{\"@type\":\"EntryPoint\",\"urlTemplate\":\"https:\/\/www.citroen-klassiekers.nl\/de\/?s={search_term_string}\"},\"query-input\":\"required name=search_term_string\"}],\"inLanguage\":\"fr-FR\"},{\"@type\":\"Organization\",\"@id\":\"https:\/\/www.citroen-klassiekers.nl\/de\/#organization\",\"name\":\"Chateau Deux Chevaux\",\"url\":\"https:\/\/www.citroen-klassiekers.nl\/de\/\",\"logo\":{\"@type\":\"ImageObject\",\"inLanguage\":\"fr-FR\",\"@id\":\"https:\/\/www.citroen-klassiekers.nl\/de\/#\/schema\/logo\/image\/\",\"url\":\"https:\/\/www.citroen-klassiekers.nl\/wp-content\/uploads\/2015\/11\/Logo-chateau-01-01.png\",\"contentUrl\":\"https:\/\/www.citroen-klassiekers.nl\/wp-content\/uploads\/2015\/11\/Logo-chateau-01-01.png\",\"width\":2946,\"height\":1944,\"caption\":\"Chateau Deux Chevaux\"},\"image\":{\"@id\":\"https:\/\/www.citroen-klassiekers.nl\/de\/#\/schema\/logo\/image\/\"},\"sameAs\":[\"https:\/\/www.facebook.com\/Chateau-Deux-Chevaux-111854715599808\/\",\"https:\/\/www.youtube.com\/user\/Citroenklassiekers\"]}]}<\/script>\n<!-- \/ Yoast SEO plugin. -->","yoast_head_json":{"title":"2cv6 Club blanche de 1985 - Chateau deux chevaux Beesd","robots":{"index":"index","follow":"follow","max-snippet":"max-snippet:-1","max-image-preview":"max-image-preview:large","max-video-preview":"max-video-preview:-1"},"canonical":"https:\/\/www.citroen-klassiekers.nl\/fr\/produit\/club-2cv6-blanche-de-1985\/","og_locale":"fr_FR","og_type":"article","og_title":"2cv6 Club blanche de 1985 - Chateau deux chevaux Beesd","og_description":"Ann\u00e9e de construction : 1985 Kilom\u00e9trage : 94201 Couleur : Blanc \u00e9clatant  Ce beau canard vient d'\u00eatre \u00e9quip\u00e9 d'un nouveau toit.  Il est \u00e9quip\u00e9 d'un ch\u00e2ssis galvanis\u00e9, d'un feu antibrouillard et d'une prise 12 volts  L'histoire de ce canard est bien conserv\u00e9e dans un gros dossier rempli de factures.  Le CT est valable jusqu'au 03-03-2024  N'h\u00e9sitez pas \u00e0 appeler pour planifier un essai routier et d\u00e9couvrir sa flexibilit\u00e9, vous deviendrez des amis pour la vie !  T\u00e9l\u00e9phoner. 0345-681454  Prix \u200b\u200b\u20ac9500.-","og_url":"https:\/\/www.citroen-klassiekers.nl\/fr\/produit\/club-2cv6-blanche-de-1985\/","og_site_name":"Chateau deux chevaux Beesd","article_publisher":"https:\/\/www.facebook.com\/Chateau-Deux-Chevaux-111854715599808\/","article_modified_time":"2022-09-23T16:54:10+00:00","og_image":[{"width":800,"height":600,"url":"https:\/\/www.citroen-klassiekers.nl\/wp-content\/uploads\/2022\/09\/downloaden.png","type":"image\/png"}],"twitter_card":"summary_large_image","schema":{"@context":"https:\/\/schema.org","@graph":[{"@type":"WebPage","@id":"https:\/\/www.citroen-klassiekers.nl\/fr\/produit\/club-2cv6-blanche-de-1985\/","url":"https:\/\/www.citroen-klassiekers.nl\/fr\/produit\/club-2cv6-blanche-de-1985\/","name":"2cv6 Club blanche de 1985 - Chateau deux chevaux Beesd","isPartOf":{"@id":"https:\/\/www.citroen-klassiekers.nl\/de\/#website"},"primaryImageOfPage":{"@id":"https:\/\/www.citroen-klassiekers.nl\/fr\/produit\/club-2cv6-blanche-de-1985\/#primaryimage"},"image":{"@id":"https:\/\/www.citroen-klassiekers.nl\/fr\/produit\/club-2cv6-blanche-de-1985\/#primaryimage"},"thumbnailUrl":"https:\/\/www.citroen-klassiekers.nl\/wp-content\/uploads\/2022\/09\/downloaden.png","datePublished":"2022-09-23T16:52:46+00:00","dateModified":"2022-09-23T16:54:10+00:00","breadcrumb":{"@id":"https:\/\/www.citroen-klassiekers.nl\/fr\/produit\/club-2cv6-blanche-de-1985\/#breadcrumb"},"inLanguage":"fr-FR","potentialAction":[{"@type":"ReadAction","target":["https:\/\/www.citroen-klassiekers.nl\/fr\/produit\/club-2cv6-blanche-de-1985\/"]}]},{"@type":"ImageObject","inLanguage":"fr-FR","@id":"https:\/\/www.citroen-klassiekers.nl\/fr\/produit\/club-2cv6-blanche-de-1985\/#primaryimage","url":"https:\/\/www.citroen-klassiekers.nl\/wp-content\/uploads\/2022\/09\/downloaden.png","contentUrl":"https:\/\/www.citroen-klassiekers.nl\/wp-content\/uploads\/2022\/09\/downloaden.png","width":800,"height":600},{"@type":"BreadcrumbList","@id":"https:\/\/www.citroen-klassiekers.nl\/fr\/produit\/club-2cv6-blanche-de-1985\/#breadcrumb","itemListElement":[{"@type":"ListItem","position":1,"name":"Home","item":"https:\/\/www.citroen-klassiekers.nl\/fr\/"},{"@type":"ListItem","position":2,"name":"Boutique","item":"https:\/\/www.citroen-klassiekers.nl\/fr\/boutique\/"},{"@type":"ListItem","position":3,"name":"2cv6 Club blanche de 1985"}]},{"@type":"WebSite","@id":"https:\/\/www.citroen-klassiekers.nl\/de\/#website","url":"https:\/\/www.citroen-klassiekers.nl\/de\/","name":"Chateau deux chevaux Beesd","description":"","publisher":{"@id":"https:\/\/www.citroen-klassiekers.nl\/de\/#organization"},"potentialAction":[{"@type":"SearchAction","target":{"@type":"EntryPoint","urlTemplate":"https:\/\/www.citroen-klassiekers.nl\/de\/?s={search_term_string}"},"query-input":"required name=search_term_string"}],"inLanguage":"fr-FR"},{"@type":"Organization","@id":"https:\/\/www.citroen-klassiekers.nl\/de\/#organization","name":"Chateau Deux Chevaux","url":"https:\/\/www.citroen-klassiekers.nl\/de\/","logo":{"@type":"ImageObject","inLanguage":"fr-FR","@id":"https:\/\/www.citroen-klassiekers.nl\/de\/#\/schema\/logo\/image\/","url":"https:\/\/www.citroen-klassiekers.nl\/wp-content\/uploads\/2015\/11\/Logo-chateau-01-01.png","contentUrl":"https:\/\/www.citroen-klassiekers.nl\/wp-content\/uploads\/2015\/11\/Logo-chateau-01-01.png","width":2946,"height":1944,"caption":"Chateau Deux Chevaux"},"image":{"@id":"https:\/\/www.citroen-klassiekers.nl\/de\/#\/schema\/logo\/image\/"},"sameAs":["https:\/\/www.facebook.com\/Chateau-Deux-Chevaux-111854715599808\/","https:\/\/www.youtube.com\/user\/Citroenklassiekers"]}]}},"_links":{"self":[{"href":"https:\/\/www.citroen-klassiekers.nl\/fr\/wp-json\/wp\/v2\/product\/14238","targetHints":{"allow":["GET"]}}],"collection":[{"href":"https:\/\/www.citroen-klassiekers.nl\/fr\/wp-json\/wp\/v2\/product"}],"about":[{"href":"https:\/\/www.citroen-klassiekers.nl\/fr\/wp-json\/wp\/v2\/types\/product"}],"wp:featuredmedia":[{"embeddable":true,"href":"https:\/\/www.citroen-klassiekers.nl\/fr\/wp-json\/wp\/v2\/media\/14085"}],"wp:attachment":[{"href":"https:\/\/www.citroen-klassiekers.nl\/fr\/wp-json\/wp\/v2\/media?parent=14238"}],"wp:term":[{"taxonomy":"product_cat","embeddable":true,"href":"https:\/\/www.citroen-klassiekers.nl\/fr\/wp-json\/wp\/v2\/product_cat?post=14238"},{"taxonomy":"product_tag","embeddable":true,"href":"https:\/\/www.citroen-klassiekers.nl\/fr\/wp-json\/wp\/v2\/product_tag?post=14238"}],"curies":[{"name":"wp","href":"https:\/\/api.w.org\/{rel}","templated":true}]}}