{"id":1993,"date":"2016-10-02T13:36:44","date_gmt":"2017-07-05T07:39:11","guid":{"rendered":"https:\/\/www.citroen-klassiekers.nl\/?post_type=product&#038;p=1993"},"modified":"2017-08-30T13:55:08","modified_gmt":"2017-08-30T12:55:08","slug":"citroen-ak-400-besteleend","status":"publish","type":"product","link":"https:\/\/www.citroen-klassiekers.nl\/fr\/produit\/citroen-ak-400-besteleend\/","title":{"rendered":"Citro\u00ebn AK 400 Besteleend"},"content":{"rendered":"<\/p>\n","protected":false},"excerpt":{"rendered":"<p>Citro\u00ebn AK400<\/p>\n<p>Ann\u00e9e 1976<\/p>\n<p>Une version tr\u00e8s sp\u00e9ciale en orange d\u2019rigine d\u2019une 2CV-break du 1er propri\u00e9taire (un boucher du Gard au sud de la France).<\/p>\n<p>Nous livrons cette dr\u00f4le de Deuche-break avec immatriculation N\u00e9erlandaise et Inspection obligatoire APK \u2013 avec: nouvelles t\u00f4les du fond \/ arri\u00e8res, porte-pieds et barre transversale arri\u00e8re.<\/p>\n<p>V\u00fb les travaux de soudage et l\u2019application de pi\u00e8ces neuves cette superbe Deuche sera compl\u00e8tement\u00a0 repeinte au pistolet dans la couleur originale: Orange Ten\u00e8re<\/p>\n<p>Elle sera \u00e9galement r\u00e9vis\u00e9e et elle aura des freins neufs<\/p>\n<p>Le prix n\u2019est pas encore connu, on ne le connaitra qu\u2019apr\u00e8s avoir fini tous les travaux<\/p>\n<p>Si vous souhaitez suivre la progression des travaux svp regarder sur Youtube!<\/p>\n<p><a href=\"https:\/\/youtu.be\/YQF4I1jVdTE\" target=\"_blank\" rel=\"noopener\">Film 1<\/a><\/p>\n<p><a href=\"https:\/\/youtu.be\/UeC_M8muipY\" target=\"_blank\" rel=\"noopener\">Film 2<\/a><\/p>\n<p><a href=\"https:\/\/youtu.be\/mmpptvwCEsI\" target=\"_blank\" rel=\"noopener\">Film 3<\/a><\/p>\n<p><a href=\"https:\/\/youtu.be\/ADZTsn3O0qY\" target=\"_blank\" rel=\"noopener\">Film 4<\/a><\/p>\n<p><a href=\"https:\/\/youtu.be\/QqUXLTYt0vI\" target=\"_blank\" rel=\"noopener\">Film 5<\/a><\/p>\n<p>&nbsp;<\/p>\n<p>&nbsp;<\/p>\n","protected":false},"featured_media":2909,"template":"","meta":[],"product_cat":[345],"product_tag":[],"class_list":{"0":"post-1993","1":"product","2":"type-product","3":"status-publish","4":"has-post-thumbnail","6":"product_cat-voitures-vendues","8":"first","9":"instock","10":"shipping-taxable","11":"product-type-simple"},"yoast_head":"<!-- This site is optimized with the Yoast SEO plugin v23.1 - https:\/\/yoast.com\/wordpress\/plugins\/seo\/ -->\n<title>Citro\u00ebn AK 400 Besteleend - Chateau deux chevaux Beesd<\/title>\n<meta name=\"robots\" content=\"index, follow, max-snippet:-1, max-image-preview:large, max-video-preview:-1\" \/>\n<link rel=\"canonical\" href=\"https:\/\/www.citroen-klassiekers.nl\/fr\/produit\/citroen-ak-400-besteleend\/\" \/>\n<meta property=\"og:locale\" content=\"fr_FR\" \/>\n<meta property=\"og:type\" content=\"article\" \/>\n<meta property=\"og:title\" content=\"Citro\u00ebn AK 400 Besteleend - Chateau deux chevaux Beesd\" \/>\n<meta property=\"og:description\" content=\"Citro\u00ebn AK400  Ann\u00e9e 1976  Une version tr\u00e8s sp\u00e9ciale en orange d\u2019rigine d\u2019une 2CV-break du 1er propri\u00e9taire (un boucher du Gard au sud de la France).  Nous livrons cette dr\u00f4le de Deuche-break avec immatriculation N\u00e9erlandaise et Inspection obligatoire APK \u2013 avec: nouvelles t\u00f4les du fond \/ arri\u00e8res, porte-pieds et barre transversale arri\u00e8re.  V\u00fb les travaux de soudage et l\u2019application de pi\u00e8ces neuves cette superbe Deuche sera compl\u00e8tement\u00a0 repeinte au pistolet dans la couleur originale: Orange Ten\u00e8re  Elle sera \u00e9galement r\u00e9vis\u00e9e et elle aura des freins neufs  Le prix n\u2019est pas encore connu, on ne le connaitra qu\u2019apr\u00e8s avoir fini tous les travaux  Si vous souhaitez suivre la progression des travaux svp regarder sur Youtube!  Film 1  Film 2  Film 3  Film 4  Film 5  &nbsp;  &nbsp;\" \/>\n<meta property=\"og:url\" content=\"https:\/\/www.citroen-klassiekers.nl\/fr\/produit\/citroen-ak-400-besteleend\/\" \/>\n<meta property=\"og:site_name\" content=\"Chateau deux chevaux Beesd\" \/>\n<meta property=\"article:publisher\" content=\"https:\/\/www.facebook.com\/Chateau-Deux-Chevaux-111854715599808\/\" \/>\n<meta property=\"article:modified_time\" content=\"2017-08-30T12:55:08+00:00\" \/>\n<meta property=\"og:image\" content=\"https:\/\/www.citroen-klassiekers.nl\/wp-content\/uploads\/2016\/10\/IMG_1928-Medium.jpg\" \/>\n\t<meta property=\"og:image:width\" content=\"1152\" \/>\n\t<meta property=\"og:image:height\" content=\"768\" \/>\n\t<meta property=\"og:image:type\" content=\"image\/jpeg\" \/>\n<meta name=\"twitter:card\" content=\"summary_large_image\" \/>\n<meta name=\"twitter:label1\" content=\"Dur\u00e9e de lecture estim\u00e9e\" \/>\n\t<meta name=\"twitter:data1\" content=\"1 minute\" \/>\n<script type=\"application\/ld+json\" class=\"yoast-schema-graph\">{\"@context\":\"https:\/\/schema.org\",\"@graph\":[{\"@type\":\"WebPage\",\"@id\":\"https:\/\/www.citroen-klassiekers.nl\/fr\/produit\/citroen-ak-400-besteleend\/\",\"url\":\"https:\/\/www.citroen-klassiekers.nl\/fr\/produit\/citroen-ak-400-besteleend\/\",\"name\":\"Citro\u00ebn AK 400 Besteleend - Chateau deux chevaux Beesd\",\"isPartOf\":{\"@id\":\"https:\/\/www.citroen-klassiekers.nl\/de\/#website\"},\"primaryImageOfPage\":{\"@id\":\"https:\/\/www.citroen-klassiekers.nl\/fr\/produit\/citroen-ak-400-besteleend\/#primaryimage\"},\"image\":{\"@id\":\"https:\/\/www.citroen-klassiekers.nl\/fr\/produit\/citroen-ak-400-besteleend\/#primaryimage\"},\"thumbnailUrl\":\"https:\/\/www.citroen-klassiekers.nl\/wp-content\/uploads\/2016\/10\/IMG_1928-Medium.jpg\",\"datePublished\":\"2017-07-05T07:39:11+00:00\",\"dateModified\":\"2017-08-30T12:55:08+00:00\",\"breadcrumb\":{\"@id\":\"https:\/\/www.citroen-klassiekers.nl\/fr\/produit\/citroen-ak-400-besteleend\/#breadcrumb\"},\"inLanguage\":\"fr-FR\",\"potentialAction\":[{\"@type\":\"ReadAction\",\"target\":[\"https:\/\/www.citroen-klassiekers.nl\/fr\/produit\/citroen-ak-400-besteleend\/\"]}]},{\"@type\":\"ImageObject\",\"inLanguage\":\"fr-FR\",\"@id\":\"https:\/\/www.citroen-klassiekers.nl\/fr\/produit\/citroen-ak-400-besteleend\/#primaryimage\",\"url\":\"https:\/\/www.citroen-klassiekers.nl\/wp-content\/uploads\/2016\/10\/IMG_1928-Medium.jpg\",\"contentUrl\":\"https:\/\/www.citroen-klassiekers.nl\/wp-content\/uploads\/2016\/10\/IMG_1928-Medium.jpg\",\"width\":1152,\"height\":768},{\"@type\":\"BreadcrumbList\",\"@id\":\"https:\/\/www.citroen-klassiekers.nl\/fr\/produit\/citroen-ak-400-besteleend\/#breadcrumb\",\"itemListElement\":[{\"@type\":\"ListItem\",\"position\":1,\"name\":\"Home\",\"item\":\"https:\/\/www.citroen-klassiekers.nl\/fr\/\"},{\"@type\":\"ListItem\",\"position\":2,\"name\":\"Boutique\",\"item\":\"https:\/\/www.citroen-klassiekers.nl\/fr\/boutique\/\"},{\"@type\":\"ListItem\",\"position\":3,\"name\":\"Citro\u00ebn AK 400 Besteleend\"}]},{\"@type\":\"WebSite\",\"@id\":\"https:\/\/www.citroen-klassiekers.nl\/de\/#website\",\"url\":\"https:\/\/www.citroen-klassiekers.nl\/de\/\",\"name\":\"Chateau deux chevaux Beesd\",\"description\":\"\",\"publisher\":{\"@id\":\"https:\/\/www.citroen-klassiekers.nl\/de\/#organization\"},\"potentialAction\":[{\"@type\":\"SearchAction\",\"target\":{\"@type\":\"EntryPoint\",\"urlTemplate\":\"https:\/\/www.citroen-klassiekers.nl\/de\/?s={search_term_string}\"},\"query-input\":\"required name=search_term_string\"}],\"inLanguage\":\"fr-FR\"},{\"@type\":\"Organization\",\"@id\":\"https:\/\/www.citroen-klassiekers.nl\/de\/#organization\",\"name\":\"Chateau Deux Chevaux\",\"url\":\"https:\/\/www.citroen-klassiekers.nl\/de\/\",\"logo\":{\"@type\":\"ImageObject\",\"inLanguage\":\"fr-FR\",\"@id\":\"https:\/\/www.citroen-klassiekers.nl\/de\/#\/schema\/logo\/image\/\",\"url\":\"https:\/\/www.citroen-klassiekers.nl\/wp-content\/uploads\/2015\/11\/Logo-chateau-01-01.png\",\"contentUrl\":\"https:\/\/www.citroen-klassiekers.nl\/wp-content\/uploads\/2015\/11\/Logo-chateau-01-01.png\",\"width\":2946,\"height\":1944,\"caption\":\"Chateau Deux Chevaux\"},\"image\":{\"@id\":\"https:\/\/www.citroen-klassiekers.nl\/de\/#\/schema\/logo\/image\/\"},\"sameAs\":[\"https:\/\/www.facebook.com\/Chateau-Deux-Chevaux-111854715599808\/\",\"https:\/\/www.youtube.com\/user\/Citroenklassiekers\"]}]}<\/script>\n<!-- \/ Yoast SEO plugin. -->","yoast_head_json":{"title":"Citro\u00ebn AK 400 Besteleend - Chateau deux chevaux Beesd","robots":{"index":"index","follow":"follow","max-snippet":"max-snippet:-1","max-image-preview":"max-image-preview:large","max-video-preview":"max-video-preview:-1"},"canonical":"https:\/\/www.citroen-klassiekers.nl\/fr\/produit\/citroen-ak-400-besteleend\/","og_locale":"fr_FR","og_type":"article","og_title":"Citro\u00ebn AK 400 Besteleend - Chateau deux chevaux Beesd","og_description":"Citro\u00ebn AK400  Ann\u00e9e 1976  Une version tr\u00e8s sp\u00e9ciale en orange d\u2019rigine d\u2019une 2CV-break du 1er propri\u00e9taire (un boucher du Gard au sud de la France).  Nous livrons cette dr\u00f4le de Deuche-break avec immatriculation N\u00e9erlandaise et Inspection obligatoire APK \u2013 avec: nouvelles t\u00f4les du fond \/ arri\u00e8res, porte-pieds et barre transversale arri\u00e8re.  V\u00fb les travaux de soudage et l\u2019application de pi\u00e8ces neuves cette superbe Deuche sera compl\u00e8tement\u00a0 repeinte au pistolet dans la couleur originale: Orange Ten\u00e8re  Elle sera \u00e9galement r\u00e9vis\u00e9e et elle aura des freins neufs  Le prix n\u2019est pas encore connu, on ne le connaitra qu\u2019apr\u00e8s avoir fini tous les travaux  Si vous souhaitez suivre la progression des travaux svp regarder sur Youtube!  Film 1  Film 2  Film 3  Film 4  Film 5  &nbsp;  &nbsp;","og_url":"https:\/\/www.citroen-klassiekers.nl\/fr\/produit\/citroen-ak-400-besteleend\/","og_site_name":"Chateau deux chevaux Beesd","article_publisher":"https:\/\/www.facebook.com\/Chateau-Deux-Chevaux-111854715599808\/","article_modified_time":"2017-08-30T12:55:08+00:00","og_image":[{"width":1152,"height":768,"url":"https:\/\/www.citroen-klassiekers.nl\/wp-content\/uploads\/2016\/10\/IMG_1928-Medium.jpg","type":"image\/jpeg"}],"twitter_card":"summary_large_image","twitter_misc":{"Dur\u00e9e de lecture estim\u00e9e":"1 minute"},"schema":{"@context":"https:\/\/schema.org","@graph":[{"@type":"WebPage","@id":"https:\/\/www.citroen-klassiekers.nl\/fr\/produit\/citroen-ak-400-besteleend\/","url":"https:\/\/www.citroen-klassiekers.nl\/fr\/produit\/citroen-ak-400-besteleend\/","name":"Citro\u00ebn AK 400 Besteleend - Chateau deux chevaux Beesd","isPartOf":{"@id":"https:\/\/www.citroen-klassiekers.nl\/de\/#website"},"primaryImageOfPage":{"@id":"https:\/\/www.citroen-klassiekers.nl\/fr\/produit\/citroen-ak-400-besteleend\/#primaryimage"},"image":{"@id":"https:\/\/www.citroen-klassiekers.nl\/fr\/produit\/citroen-ak-400-besteleend\/#primaryimage"},"thumbnailUrl":"https:\/\/www.citroen-klassiekers.nl\/wp-content\/uploads\/2016\/10\/IMG_1928-Medium.jpg","datePublished":"2017-07-05T07:39:11+00:00","dateModified":"2017-08-30T12:55:08+00:00","breadcrumb":{"@id":"https:\/\/www.citroen-klassiekers.nl\/fr\/produit\/citroen-ak-400-besteleend\/#breadcrumb"},"inLanguage":"fr-FR","potentialAction":[{"@type":"ReadAction","target":["https:\/\/www.citroen-klassiekers.nl\/fr\/produit\/citroen-ak-400-besteleend\/"]}]},{"@type":"ImageObject","inLanguage":"fr-FR","@id":"https:\/\/www.citroen-klassiekers.nl\/fr\/produit\/citroen-ak-400-besteleend\/#primaryimage","url":"https:\/\/www.citroen-klassiekers.nl\/wp-content\/uploads\/2016\/10\/IMG_1928-Medium.jpg","contentUrl":"https:\/\/www.citroen-klassiekers.nl\/wp-content\/uploads\/2016\/10\/IMG_1928-Medium.jpg","width":1152,"height":768},{"@type":"BreadcrumbList","@id":"https:\/\/www.citroen-klassiekers.nl\/fr\/produit\/citroen-ak-400-besteleend\/#breadcrumb","itemListElement":[{"@type":"ListItem","position":1,"name":"Home","item":"https:\/\/www.citroen-klassiekers.nl\/fr\/"},{"@type":"ListItem","position":2,"name":"Boutique","item":"https:\/\/www.citroen-klassiekers.nl\/fr\/boutique\/"},{"@type":"ListItem","position":3,"name":"Citro\u00ebn AK 400 Besteleend"}]},{"@type":"WebSite","@id":"https:\/\/www.citroen-klassiekers.nl\/de\/#website","url":"https:\/\/www.citroen-klassiekers.nl\/de\/","name":"Chateau deux chevaux Beesd","description":"","publisher":{"@id":"https:\/\/www.citroen-klassiekers.nl\/de\/#organization"},"potentialAction":[{"@type":"SearchAction","target":{"@type":"EntryPoint","urlTemplate":"https:\/\/www.citroen-klassiekers.nl\/de\/?s={search_term_string}"},"query-input":"required name=search_term_string"}],"inLanguage":"fr-FR"},{"@type":"Organization","@id":"https:\/\/www.citroen-klassiekers.nl\/de\/#organization","name":"Chateau Deux Chevaux","url":"https:\/\/www.citroen-klassiekers.nl\/de\/","logo":{"@type":"ImageObject","inLanguage":"fr-FR","@id":"https:\/\/www.citroen-klassiekers.nl\/de\/#\/schema\/logo\/image\/","url":"https:\/\/www.citroen-klassiekers.nl\/wp-content\/uploads\/2015\/11\/Logo-chateau-01-01.png","contentUrl":"https:\/\/www.citroen-klassiekers.nl\/wp-content\/uploads\/2015\/11\/Logo-chateau-01-01.png","width":2946,"height":1944,"caption":"Chateau Deux Chevaux"},"image":{"@id":"https:\/\/www.citroen-klassiekers.nl\/de\/#\/schema\/logo\/image\/"},"sameAs":["https:\/\/www.facebook.com\/Chateau-Deux-Chevaux-111854715599808\/","https:\/\/www.youtube.com\/user\/Citroenklassiekers"]}]}},"_links":{"self":[{"href":"https:\/\/www.citroen-klassiekers.nl\/fr\/wp-json\/wp\/v2\/product\/1993","targetHints":{"allow":["GET"]}}],"collection":[{"href":"https:\/\/www.citroen-klassiekers.nl\/fr\/wp-json\/wp\/v2\/product"}],"about":[{"href":"https:\/\/www.citroen-klassiekers.nl\/fr\/wp-json\/wp\/v2\/types\/product"}],"wp:featuredmedia":[{"embeddable":true,"href":"https:\/\/www.citroen-klassiekers.nl\/fr\/wp-json\/wp\/v2\/media\/2909"}],"wp:attachment":[{"href":"https:\/\/www.citroen-klassiekers.nl\/fr\/wp-json\/wp\/v2\/media?parent=1993"}],"wp:term":[{"taxonomy":"product_cat","embeddable":true,"href":"https:\/\/www.citroen-klassiekers.nl\/fr\/wp-json\/wp\/v2\/product_cat?post=1993"},{"taxonomy":"product_tag","embeddable":true,"href":"https:\/\/www.citroen-klassiekers.nl\/fr\/wp-json\/wp\/v2\/product_tag?post=1993"}],"curies":[{"name":"wp","href":"https:\/\/api.w.org\/{rel}","templated":true}]}}